{"id":10178,"date":"2021-12-17T16:06:06","date_gmt":"2021-12-17T15:06:06","guid":{"rendered":"https:\/\/webshop.romahaus.nl\/cookie-richtlinien\/"},"modified":"2023-01-23T12:38:29","modified_gmt":"2023-01-23T11:38:29","slug":"cookie-richtlinien","status":"publish","type":"page","link":"https:\/\/webshop.romahaus.nl\/de\/cookie-richtlinien\/","title":{"rendered":"Cookie-Richtlinien"},"content":{"rendered":"\n<h1 class=\"has-medium-font-size wp-block-heading\"><strong>Cookie-Richtlinien<\/strong><\/h1>\n\n\n\n<h2 class=\"wp-block-heading\" style=\"font-size:16px\"><strong>Was sind Cookies?<\/strong><\/h2>\n\n\n\n<p style=\"font-size:16px\">Wir nutzen auf dieser Seite Cookies. Ein Cookie ist eine einfache kleine Datei, die mit den Seiten dieser Website [en\/of Flash-applicaties] verschickt und von Ihrem Browser auf der Festplatte Ihres Computers gespeichert wird. Die darin gespeicherten Informationen k\u00f6nnen beim n\u00e4chsten Besuch wieder zu unserem Server zur\u00fcckgesendet werden.<\/p>\n\n\n\n<h3 class=\"wp-block-heading\" style=\"font-size:16px\"><strong>Wir nutzen laufende Cookies<\/strong><\/h3>\n\n\n\n<p style=\"font-size:16px\">Mithilfe eines laufenden Cookies k\u00f6nnen wir Sie bei einem erneuten Besuch unserer Website wiedererkennen. Die Website kann dadurch speziell auf Ihre Voreinstellungen abgestimmt werden. Auch wenn Sie dem Gebrauch von Cookies zugestimmt haben, k\u00f6nnen wir dies mit Hilfe eines Cookies speichern. Dies erspart Ihnen die wiederholte Eingabe Ihrer Voreinstellungen, was wiederum Zeit spart und Ihnen die Nutzung unserer Website erleichtert. Laufende Cookies k\u00f6nnen Sie \u00fcber die Einstellungen Ihres Browsers l\u00f6schen.<\/p>\n\n\n\n<h3 class=\"wp-block-heading\" style=\"font-size:16px\"><strong>Wir nutzen Sitzungs-Cookies<\/strong><\/h3>\n\n\n\n<p style=\"font-size:16px\">Mithilfe eines Sitzungs-Cookies k\u00f6nnen wir sehen, welche Teile der Website Sie w\u00e4hrend dieses Besuchs angesehen haben. Dies erm\u00f6glicht es uns, unser Angebot so weit wie m\u00f6glich an das Surfverhalten unserer Besucher anzupassen. Diese Cookies werden automatisch gel\u00f6scht, sobald Sie Ihren Webbrowser schlie\u00dfen.<\/p>\n\n\n\n<h3 class=\"wp-block-heading\" style=\"font-size:16px\"><strong>Wir nutzen eigene Tracking-Cookies.<\/strong><\/h3>\n\n\n\n<p style=\"font-size:16px\">Mit Ihrem Einverst\u00e4ndnis speichern wir ein Cookie auf Ihrem Ger\u00e4t, das abgerufen werden kann, wenn Sie eine Website aus unserem Netz besuchen. So k\u00f6nnen wir feststellen, dass Sie neben unserer Website auch andere Websites aus unserem Netzwerk besucht haben. Das auf diese Weise erstellte Profil ist nicht mit Ihrem Namen, Ihrer Adresse, Ihrer E-Mail-Adresse und dergleichen verkn\u00fcpft, sondern dient lediglich dazu, die Werbung auf Ihr Profil abzustimmen, damit diese f\u00fcr Sie so relevant wie m\u00f6glich ist.&#8220;<\/p>\n\n\n\n<h3 class=\"wp-block-heading\" style=\"font-size:16px\"><strong>Wir nutzen Google Analytics<\/strong><\/h3>\n\n\n\n<p style=\"font-size:16px\">\u00dcber unsere Website wird ein Cookie des US-Unternehmens Google im Rahmen des Dienstes &#8222;Analytics&#8220; gesetzt. Wir nutzen diesen Dienst zum Zweck, Berichte dar\u00fcber zu erhalten, wie Besucher die Website nutzen. Google kann diese Informationen gegebenenfalls an Dritte \u00fcbertragen, sofern dies gesetzlich vorgeschrieben ist oder soweit Dritte diese Daten im Auftrag von Google verarbeiten. Wir haben hierauf keinen Einfluss. Wir haben Google erm\u00e4chtigt, die erhaltenen Analysedaten f\u00fcr andere Google-Dienste zu verwenden.<\/p>\n\n\n\n<p style=\"font-size:16px\">Die von Google gesammelten Informationen werden so weit wie m\u00f6glich anonymisiert. Ihre IP-Adresse ist ausdr\u00fccklich nicht enthalten. Die Informationen werden an Google \u00fcbertragen und von Google auf Servern in den Vereinigten Staaten gespeichert. Google behauptet, sich an die Grunds\u00e4tze des Privacy Shield zu halten und ist dem Privacy Shield-Programm des US-Handelsministeriums angeschlossen. Dies bedeutet, dass ein angemessenes Schutzniveau f\u00fcr die Verarbeitung personenbezogener Daten gegeben ist.&#8220;<\/p>\n\n\n\n<h3 class=\"wp-block-heading\" style=\"font-size:16px\"><strong>Sie haben das Recht, auf Ihre Daten zuzugreifen und sie zu korrigieren oder zu l\u00f6schen.<\/strong><\/h3>\n\n\n\n<p style=\"font-size:16px\">Sie haben das Recht, Zugang zu und Berichtigung oder L\u00f6schung Ihrer Daten zu verlangen. Sehen Sie dazu unsere Kontaktseite. Um Missbrauch zu verhindern, k\u00f6nnen wir Sie bitten, sich angemessen zu identifizieren. Wenn es um den Zugriff auf personenbezogene Daten geht, die mit einem Cookie verkn\u00fcpft sind, m\u00fcssen Sie auch eine Kopie des betreffenden Cookies senden. Sie k\u00f6nnen diese in den Einstellungen Ihres Browers zur\u00fcckfinden. Weitere Informationen zum Aktivieren und Deaktivieren sowie L\u00f6schen von Cookies finden Sie in der Anleitung und\/oder \u00fcber die Hilfefunktion Ihres Browsers.<\/p>\n","protected":false},"excerpt":{"rendered":"<p>Cookie-Richtlinien Was sind Cookies? Wir nutzen auf dieser Seite Cookies. Ein Cookie ist eine einfache kleine Datei, die mit den Seiten dieser Website [en\/of Flash-applicaties] verschickt und von Ihrem Browser auf der Festplatte Ihres Computers gespeichert wird. Die darin gespeicherten Informationen k\u00f6nnen beim n\u00e4chsten Besuch wieder zu unserem Server zur\u00fcckgesendet werden. Wir nutzen laufende Cookies [&hellip;]<\/p>\n","protected":false},"author":1,"featured_media":0,"parent":0,"menu_order":0,"comment_status":"closed","ping_status":"closed","template":"","meta":{"_acf_changed":false,"_seopress_robots_primary_cat":"","_seopress_titles_title":"","_seopress_titles_desc":"","_seopress_robots_index":"","footnotes":""},"class_list":["post-10178","page","type-page","status-publish","hentry"],"acf":[],"_links":{"self":[{"href":"https:\/\/webshop.romahaus.nl\/de\/wp-json\/wp\/v2\/pages\/10178","targetHints":{"allow":["GET"]}}],"collection":[{"href":"https:\/\/webshop.romahaus.nl\/de\/wp-json\/wp\/v2\/pages"}],"about":[{"href":"https:\/\/webshop.romahaus.nl\/de\/wp-json\/wp\/v2\/types\/page"}],"author":[{"embeddable":true,"href":"https:\/\/webshop.romahaus.nl\/de\/wp-json\/wp\/v2\/users\/1"}],"replies":[{"embeddable":true,"href":"https:\/\/webshop.romahaus.nl\/de\/wp-json\/wp\/v2\/comments?post=10178"}],"version-history":[{"count":21,"href":"https:\/\/webshop.romahaus.nl\/de\/wp-json\/wp\/v2\/pages\/10178\/revisions"}],"predecessor-version":[{"id":14123,"href":"https:\/\/webshop.romahaus.nl\/de\/wp-json\/wp\/v2\/pages\/10178\/revisions\/14123"}],"wp:attachment":[{"href":"https:\/\/webshop.romahaus.nl\/de\/wp-json\/wp\/v2\/media?parent=10178"}],"curies":[{"name":"wp","href":"https:\/\/api.w.org\/{rel}","templated":true}]}}