{"id":12407,"date":"2022-09-26T12:25:14","date_gmt":"2022-09-26T10:25:14","guid":{"rendered":"https:\/\/webshop.romahaus.nl\/?page_id=12407"},"modified":"2022-12-05T11:16:49","modified_gmt":"2022-12-05T10:16:49","slug":"anfahrt","status":"publish","type":"page","link":"https:\/\/webshop.romahaus.nl\/de\/anfahrt\/","title":{"rendered":"Anfahrt"},"content":{"rendered":"\n<p class=\"has-medium-font-size\"><strong>Anfahrt<\/strong>   <\/p>\n\n\n\n<p style=\"font-size:16px\">Besuchen Sie unser Unternehmen und lassen Sie sich von den vielseitigen M\u00f6glichkeiten inspirieren. Musterh\u00e4user vor Ort.<\/p>\n\n\n\n<p style=\"font-size:16px\"><strong>ROMAHAUS<\/strong><br>J.-D.-Lauenstein-Stra\u00dfe 1-3 -&gt; Einfahrt&nbsp;<strong>\u201cAn der Wieke 48\u201d<\/strong><br>49767 Twist<br>T +49 (0)5936 923412<\/p>\n\n\n\n<p style=\"font-size:18px\"><strong>Anfahrt<\/strong><\/p>\n\n\n\n<p style=\"font-size:16px\"><strong>Aus Richtung Nord&nbsp;<br><\/strong>Fahren Sie die Autobahn A 31 Abfahrt 22 Twist runter,&nbsp;<br>dann rechts Richtung Twist \/ Coevorden. Auf dieser Stra\u00dfe 3,5 km weiter.&nbsp;<br>Beim Schild \u201cIndustriegebiet \/ Siedlung\u201d links ab. 200 m weiter vorbei dem Industriegebiet, Abfahrt Stra\u00dfe ,,An der Wieke\u201d. Die Einfahrt zu unserem Betrieb befindet sich an der rechten Seite noch vor dem Verbrauchermarkt Combi.<\/p>\n\n\n\n<p style=\"font-size:16px\"><strong>Aus Richtung Nord-Ost:<\/strong><br>Sie fahren die B 402 (E 233) Hasel\u00fcnne \u2013 Meppen, dann die A 31 in Richtung Oberhausen. Abfahrt 22 Twist runter, dann rechts Richtung Twist \/ Coevorden.&nbsp;<br>Auf dieser Stra\u00dfe 3,5 km weiter. Beim Schild \u201cIndustriegebiet \/ Siedlung\u201d links ab.&nbsp;200 m weiter vorbei dem Industriegebiet ,Abfahrt Stra\u00dfe ,,An der Wieke\u201d. Die Einfahrt zu unserem Betrieb befindet sich an der rechten Seite noch vor dem Verbrauchermarkt Combi.<\/p>\n\n\n\n<p style=\"font-size:16px\"><strong>Aus Richtung S\u00fcd:<br><\/strong>Sie fahren die A 31 in Richtung Emden. Die Abfahrt 22 Twist runter,&nbsp;<br>dann links Richtung Twist \/ Coevorden. Auf dieser Stra\u00dfe 3,5 km weiter.&nbsp;<br>Beim Schild \u201cIndustriegebiet \/ Siedlung\u201d links ab. 200 m weiter vorbei dem Industriegebiet, Abfahrt Stra\u00dfe ,,An der Wieke\u201d. Die Einfahrt zu unserem Betrieb befindet sich an der rechten Seite noch vor dem Verbrauchermarkt Combi.<\/p>\n\n\n\n<p style=\"font-size:16px\"><strong>Aus Richtung S\u00fcd-Ost:<\/strong><br>Sie fahren die A 30 aus Richtung Osnabr\u00fcck \u2013 Rheine in Richtung Amsterdam.&nbsp;<br>Am Kreuz Sch\u00fcttorf Richtung Emden auf die A 31.&nbsp;<br>Die Abfahrt 22 Twist runter, dann links Richtung Twist \/ Coevorden.&nbsp;<br>Auf dieser Stra\u00dfe 3,5 km weiter. Beim Schild<br>\u201cIndustriegebiet \/ Siedlung\u201d links ab. 200 m weiter vorbei dem Industriegebiet, Abfahrt Stra\u00dfe ,,An der Wieke\u201d. Die Einfahrt zu unserem Betrieb befindet sich an der rechten Seite noch vor dem Verbrauchermarkt Combi.<\/p>\n","protected":false},"excerpt":{"rendered":"<p>Anfahrt Besuchen Sie unser Unternehmen und lassen Sie sich von den vielseitigen M\u00f6glichkeiten inspirieren. Musterh\u00e4user vor Ort. ROMAHAUSJ.-D.-Lauenstein-Stra\u00dfe 1-3 -&gt; Einfahrt&nbsp;\u201cAn der Wieke 48\u201d49767 TwistT +49 (0)5936 923412 Anfahrt Aus Richtung Nord&nbsp;Fahren Sie die Autobahn A 31 Abfahrt 22 Twist runter,&nbsp;dann rechts Richtung Twist \/ Coevorden. Auf dieser Stra\u00dfe 3,5 km weiter.&nbsp;Beim Schild \u201cIndustriegebiet \/ [&hellip;]<\/p>\n","protected":false},"author":3,"featured_media":0,"parent":0,"menu_order":0,"comment_status":"closed","ping_status":"closed","template":"","meta":{"_acf_changed":false,"_seopress_robots_primary_cat":"","_seopress_titles_title":"","_seopress_titles_desc":"Musterhausausstellung","_seopress_robots_index":"","footnotes":""},"class_list":["post-12407","page","type-page","status-publish","hentry"],"acf":[],"_links":{"self":[{"href":"https:\/\/webshop.romahaus.nl\/de\/wp-json\/wp\/v2\/pages\/12407","targetHints":{"allow":["GET"]}}],"collection":[{"href":"https:\/\/webshop.romahaus.nl\/de\/wp-json\/wp\/v2\/pages"}],"about":[{"href":"https:\/\/webshop.romahaus.nl\/de\/wp-json\/wp\/v2\/types\/page"}],"author":[{"embeddable":true,"href":"https:\/\/webshop.romahaus.nl\/de\/wp-json\/wp\/v2\/users\/3"}],"replies":[{"embeddable":true,"href":"https:\/\/webshop.romahaus.nl\/de\/wp-json\/wp\/v2\/comments?post=12407"}],"version-history":[{"count":13,"href":"https:\/\/webshop.romahaus.nl\/de\/wp-json\/wp\/v2\/pages\/12407\/revisions"}],"predecessor-version":[{"id":13646,"href":"https:\/\/webshop.romahaus.nl\/de\/wp-json\/wp\/v2\/pages\/12407\/revisions\/13646"}],"wp:attachment":[{"href":"https:\/\/webshop.romahaus.nl\/de\/wp-json\/wp\/v2\/media?parent=12407"}],"curies":[{"name":"wp","href":"https:\/\/api.w.org\/{rel}","templated":true}]}}