{"id":13003,"date":"2022-11-15T11:25:10","date_gmt":"2022-11-15T10:25:10","guid":{"rendered":"https:\/\/webshop.romahaus.nl\/wartung-2\/"},"modified":"2023-06-01T10:59:15","modified_gmt":"2023-06-01T08:59:15","slug":"wartung-2","status":"publish","type":"page","link":"https:\/\/webshop.romahaus.nl\/de\/wartung-2\/","title":{"rendered":"Wartung"},"content":{"rendered":"\n<h3 class=\"wp-block-heading\">Wartung<\/h3>\n\n<p style=\"font-size:16px\">Ein Kunststoff-Gartenhaus von Romahaus ist g\u00e4nzlich wartungsarm. Wasser, Schwamm und Sp\u00fclmittel reichen aus um Ihr Kunststoff-Gartenhaus zu reinigen. <\/p>\n\n<h4 class=\"wp-block-heading\">Kunststoff Wandprofile<\/h4>\n\n<p style=\"font-size:16px\">Die Kunststoff Wandprofile in Farbe sind an Au\u00dfenseite mit einer pflegeleichten Dekorfolie versehen. Ein Kunststoff-Gartenhaus von Romahaus ist daher v\u00f6llig wartungsarm und dar\u00fcber hinaus farbecht. <\/p>\n\n<h4 class=\"wp-block-heading\">Kunststofft\u00fcren und -fenster<\/h4>\n\n<p style=\"font-size:16px\">Auch die Kunststofft\u00fcren und -fenster sind aufgrund der Beschichtung mit einer pflegeleichten Dekorfolie v\u00f6llig wartungsarm. Die beweglichen Teile der Beschl\u00e4ge sollten regelm\u00e4\u00dfig ge\u00f6lt werden. Falls notwendig k\u00f6nnen Sie die beweglichen Teile nachjustieren. <\/p>\n\n<h4 class=\"wp-block-heading\">Dachrinnen<\/h4>\n\n<p style=\"font-size:16px\">Reinigen Sie die Dachrinnen von Ihrem Kunststoff-Gartenhaus mindestens einmal im Jahr. Indem Sie die Dachrinnen sauber halten, sorgen Sie daf\u00fcr dass Regenwasser ungehindert abflie\u00dfen kann und verringern Sie das Risiko auf Wasserstau. <\/p>\n\n<p style=\"font-size:16px\">Kurzum: Eine regelm\u00e4\u00dfige Pflege von einem Kunststoff-Gartenhaus tr\u00e4gt zu einem langfristigen Gartenvergn\u00fcgen bei. <\/p>\n\n<h4 class=\"wp-block-heading\">Mit einem Gartenhaus aus Kunststoff k\u00f6nnen Sie Ihre Freizeit genie\u00dfen!<\/h4>\n\n<p>  <\/p>\n","protected":false},"excerpt":{"rendered":"<p>Wartung Ein Kunststoff-Gartenhaus von Romahaus ist g\u00e4nzlich wartungsarm. Wasser, Schwamm und Sp\u00fclmittel reichen aus um Ihr Kunststoff-Gartenhaus zu reinigen. Kunststoff Wandprofile Die Kunststoff Wandprofile in Farbe sind an Au\u00dfenseite mit einer pflegeleichten Dekorfolie versehen. Ein Kunststoff-Gartenhaus von Romahaus ist daher v\u00f6llig wartungsarm und dar\u00fcber hinaus farbecht. Kunststofft\u00fcren und -fenster Auch die Kunststofft\u00fcren und -fenster sind [&hellip;]<\/p>\n","protected":false},"author":3,"featured_media":0,"parent":0,"menu_order":0,"comment_status":"closed","ping_status":"closed","template":"","meta":{"_acf_changed":false,"_seopress_robots_primary_cat":"","_seopress_titles_title":"","_seopress_titles_desc":"","_seopress_robots_index":"","footnotes":""},"class_list":["post-13003","page","type-page","status-publish","hentry"],"acf":[],"_links":{"self":[{"href":"https:\/\/webshop.romahaus.nl\/de\/wp-json\/wp\/v2\/pages\/13003","targetHints":{"allow":["GET"]}}],"collection":[{"href":"https:\/\/webshop.romahaus.nl\/de\/wp-json\/wp\/v2\/pages"}],"about":[{"href":"https:\/\/webshop.romahaus.nl\/de\/wp-json\/wp\/v2\/types\/page"}],"author":[{"embeddable":true,"href":"https:\/\/webshop.romahaus.nl\/de\/wp-json\/wp\/v2\/users\/3"}],"replies":[{"embeddable":true,"href":"https:\/\/webshop.romahaus.nl\/de\/wp-json\/wp\/v2\/comments?post=13003"}],"version-history":[{"count":18,"href":"https:\/\/webshop.romahaus.nl\/de\/wp-json\/wp\/v2\/pages\/13003\/revisions"}],"predecessor-version":[{"id":15243,"href":"https:\/\/webshop.romahaus.nl\/de\/wp-json\/wp\/v2\/pages\/13003\/revisions\/15243"}],"wp:attachment":[{"href":"https:\/\/webshop.romahaus.nl\/de\/wp-json\/wp\/v2\/media?parent=13003"}],"curies":[{"name":"wp","href":"https:\/\/api.w.org\/{rel}","templated":true}]}}