{"id":13100,"date":"2022-11-18T12:29:45","date_gmt":"2022-11-18T11:29:45","guid":{"rendered":"https:\/\/webshop.romahaus.nl\/boden-fundament-2\/"},"modified":"2023-05-31T13:00:43","modified_gmt":"2023-05-31T11:00:43","slug":"boden-fundament-2","status":"publish","type":"page","link":"https:\/\/webshop.romahaus.nl\/de\/boden-fundament-2\/","title":{"rendered":"Boden \/ Fundament"},"content":{"rendered":"\n<h3 class=\"wp-block-heading\">Boden \/ Fundament<\/h3>\n\n\n\n<p style=\"font-size:16px\">Ein langlebiges Gartenhaus erfordert ein langlebiges Fundament. Wir stellen selbst keine Fundamente her, aber wir k\u00f6nnen Sie dabei beraten.<\/p>\n\n\n\n<h4 class=\"wp-block-heading\" style=\"font-size:16px\"><strong>Fundament f\u00fcr ein Kunststoff-Gartenhaus<\/strong><\/h4>\n\n\n\n<p style=\"font-size:16px\">Als Fundament f\u00fcr ein Kunststoff-Gartenhaus wird h\u00e4ufig eine Betonplatte gew\u00e4hlt. Ein Fundament aus Tiefbordsteinen mit dazwischen liegenden Betonplatten ist ebenfalls m\u00f6glich, sofern der Boden ausreichend tragf\u00e4hig ist (keine Senkungen).<\/p>\n\n\n\n<h4 class=\"wp-block-heading\" style=\"font-size:16px\"><strong>Platzierung auf bestehendem Boden \/ Fundament<\/strong><\/h4>\n\n\n\n<p style=\"font-size:16px\">Wenn Sie das Gartenhaus auf einem bestehenden Boden\/Fundament aufstellen m\u00f6chten, empfehlen wir Ihnen, ein massives Kunststoff Unterbrett zu verwenden. Das Gartenhaus steht dann 25 mm frei vom Untergrund ab.<\/p>\n\n\n\n<h4 class=\"wp-block-heading\" style=\"font-size:16px\"><strong>Platzierung direkt auf Pflastersteinen<\/strong><\/h4>\n\n\n\n<p style=\"font-size:16px\">Eine Platzierung direkt auf dem vorhandenen Pflaster ist prinzipiell m\u00f6glich, wird aber nicht empfohlen. In den meisten F\u00e4llen ist das Pflaster nicht waagerecht verlegt. Au\u00dferdem ist die Verbindung zwischen den W\u00e4nden und dem Pflaster niemals wasserdicht. Wenn eine Betonplatte oder ein Klinker absinkt, entstehen schnell Risse.<\/p>\n\n\n\n<h4 class=\"wp-block-heading\" style=\"font-size:16px\"><strong>Platzierung auf einem Schraub-Pfahl-Fundament<\/strong><\/h4>\n\n\n\n<p style=\"font-size:16px\">Zunehmend werden auch Fundamente mit darunter liegenden Schraubpf\u00e4hlen hergestellt. Diese Schraubpf\u00e4hle k\u00f6nnen ein Absinken des Gartenhauses verhindern.<\/p>\n\n\n\n<h4 class=\"wp-block-heading\" style=\"font-size:16px\"><strong>Fundament f\u00fcr einen Wohn-oder Arbeitsraum<\/strong><\/h4>\n\n\n\n<p style=\"font-size:16px\">F\u00fcr einen Wohn- oder Arbeitsraum wird h\u00e4ufig eine Betonplatte gew\u00e4hlt, die eventuell auch mit einer Isolierung versehen wird, um aufsteigende K\u00e4lte zu verhindern. F\u00fcr kompakte Arbeitsr\u00e4ume ist es auch m\u00f6glich, einen isolierten Boden anzubringen. Dieser Boden besteht aus isolierenden Sandwichpaneelen mit einer Bodenplatte.<\/p>\n\n\n\n<p style=\"font-size:16px\">Haben Sie weitere Fragen? Nehmen Sie dann gerne <a href=\"https:\/\/webshop.romahaus.nl\/de\/?page_id=10174\"><strong>Kontakt<\/strong><\/a> auf. <\/p>\n","protected":false},"excerpt":{"rendered":"<p>Boden \/ Fundament Ein langlebiges Gartenhaus erfordert ein langlebiges Fundament. Wir stellen selbst keine Fundamente her, aber wir k\u00f6nnen Sie dabei beraten. Fundament f\u00fcr ein Kunststoff-Gartenhaus Als Fundament f\u00fcr ein Kunststoff-Gartenhaus wird h\u00e4ufig eine Betonplatte gew\u00e4hlt. Ein Fundament aus Tiefbordsteinen mit dazwischen liegenden Betonplatten ist ebenfalls m\u00f6glich, sofern der Boden ausreichend tragf\u00e4hig ist (keine Senkungen). [&hellip;]<\/p>\n","protected":false},"author":3,"featured_media":0,"parent":0,"menu_order":0,"comment_status":"closed","ping_status":"closed","template":"","meta":{"_acf_changed":false,"_seopress_robots_primary_cat":"","_seopress_titles_title":"","_seopress_titles_desc":"","_seopress_robots_index":"","footnotes":""},"class_list":["post-13100","page","type-page","status-publish","hentry"],"acf":[],"_links":{"self":[{"href":"https:\/\/webshop.romahaus.nl\/de\/wp-json\/wp\/v2\/pages\/13100","targetHints":{"allow":["GET"]}}],"collection":[{"href":"https:\/\/webshop.romahaus.nl\/de\/wp-json\/wp\/v2\/pages"}],"about":[{"href":"https:\/\/webshop.romahaus.nl\/de\/wp-json\/wp\/v2\/types\/page"}],"author":[{"embeddable":true,"href":"https:\/\/webshop.romahaus.nl\/de\/wp-json\/wp\/v2\/users\/3"}],"replies":[{"embeddable":true,"href":"https:\/\/webshop.romahaus.nl\/de\/wp-json\/wp\/v2\/comments?post=13100"}],"version-history":[{"count":28,"href":"https:\/\/webshop.romahaus.nl\/de\/wp-json\/wp\/v2\/pages\/13100\/revisions"}],"predecessor-version":[{"id":15175,"href":"https:\/\/webshop.romahaus.nl\/de\/wp-json\/wp\/v2\/pages\/13100\/revisions\/15175"}],"wp:attachment":[{"href":"https:\/\/webshop.romahaus.nl\/de\/wp-json\/wp\/v2\/media?parent=13100"}],"curies":[{"name":"wp","href":"https:\/\/api.w.org\/{rel}","templated":true}]}}