{"id":13152,"date":"2022-11-21T10:04:20","date_gmt":"2022-11-21T09:04:20","guid":{"rendered":"https:\/\/webshop.romahaus.nl\/abholung-2\/"},"modified":"2023-06-01T11:28:14","modified_gmt":"2023-06-01T09:28:14","slug":"abholung-2","status":"publish","type":"page","link":"https:\/\/webshop.romahaus.nl\/de\/abholung-2\/","title":{"rendered":"Abholung"},"content":{"rendered":"\n<h3 class=\"wp-block-heading\">Abholung<\/h3>\n\n\n\n<p style=\"font-size:16px\">Sie k\u00f6nnen Ihre Bestellung auch mit Ihrem eigenen PKW und Anh\u00e4nger an unserem Firmenstandort in 49767 Twist abholen. Ein Abholzeitraum kann immer in Abstimmung mit Ihnen vereinbart werden. Die Transportgefahr geht sp\u00e4testens mit \u00dcbergabe der Ware (wobei der Beginn der Verladung ma\u00dfgeblich ist) auf Sie als K\u00e4ufer \u00fcber. Dies gilt auch, wenn Teillieferungen erfolgen.<\/p>\n\n\n\n<p style=\"font-size:16px\">Wir k\u00f6nnen Ihre Bestellung auch per Spedition liefern lassen. Der Versand erfolgt auf Rechnung und <em>Gefahr<\/em> von Ihnen als K\u00e4ufer. Die Gefahr geht sp\u00e4testens mit der \u00dcbergabe der Ware (wobei der Beginn der Verladung ma\u00dfgeblich ist) an das Transportunternehmen oder sonst zur Ausf\u00fchrung der Versendung bestimmte Dritte auf Sie als K\u00e4ufer \u00fcber. Dies gilt auch, wenn Teillieferungen erfolgen.<\/p>\n","protected":false},"excerpt":{"rendered":"<p>Abholung Sie k\u00f6nnen Ihre Bestellung auch mit Ihrem eigenen PKW und Anh\u00e4nger an unserem Firmenstandort in 49767 Twist abholen. Ein Abholzeitraum kann immer in Abstimmung mit Ihnen vereinbart werden. Die Transportgefahr geht sp\u00e4testens mit \u00dcbergabe der Ware (wobei der Beginn der Verladung ma\u00dfgeblich ist) auf Sie als K\u00e4ufer \u00fcber. Dies gilt auch, wenn Teillieferungen erfolgen. [&hellip;]<\/p>\n","protected":false},"author":3,"featured_media":0,"parent":0,"menu_order":0,"comment_status":"closed","ping_status":"closed","template":"","meta":{"_acf_changed":false,"_seopress_robots_primary_cat":"","_seopress_titles_title":"","_seopress_titles_desc":"","_seopress_robots_index":"","footnotes":""},"class_list":["post-13152","page","type-page","status-publish","hentry"],"acf":[],"_links":{"self":[{"href":"https:\/\/webshop.romahaus.nl\/de\/wp-json\/wp\/v2\/pages\/13152","targetHints":{"allow":["GET"]}}],"collection":[{"href":"https:\/\/webshop.romahaus.nl\/de\/wp-json\/wp\/v2\/pages"}],"about":[{"href":"https:\/\/webshop.romahaus.nl\/de\/wp-json\/wp\/v2\/types\/page"}],"author":[{"embeddable":true,"href":"https:\/\/webshop.romahaus.nl\/de\/wp-json\/wp\/v2\/users\/3"}],"replies":[{"embeddable":true,"href":"https:\/\/webshop.romahaus.nl\/de\/wp-json\/wp\/v2\/comments?post=13152"}],"version-history":[{"count":9,"href":"https:\/\/webshop.romahaus.nl\/de\/wp-json\/wp\/v2\/pages\/13152\/revisions"}],"predecessor-version":[{"id":15249,"href":"https:\/\/webshop.romahaus.nl\/de\/wp-json\/wp\/v2\/pages\/13152\/revisions\/15249"}],"wp:attachment":[{"href":"https:\/\/webshop.romahaus.nl\/de\/wp-json\/wp\/v2\/media?parent=13152"}],"curies":[{"name":"wp","href":"https:\/\/api.w.org\/{rel}","templated":true}]}}