{"id":13160,"date":"2022-11-21T10:36:04","date_gmt":"2022-11-21T09:36:04","guid":{"rendered":"https:\/\/webshop.romahaus.nl\/preise-2\/"},"modified":"2023-05-31T11:42:57","modified_gmt":"2023-05-31T09:42:57","slug":"preise-2","status":"publish","type":"page","link":"https:\/\/webshop.romahaus.nl\/de\/preise-2\/","title":{"rendered":"Preisinformation"},"content":{"rendered":"\n<h3 class=\"wp-block-heading\">Preisinformation<\/h3>\n\n<p><\/p>\n\n<h4 class=\"wp-block-heading\">Preise<\/h4>\n\n<p style=\"font-size:16px\">Alle Preise in unserem Webshop verstehen sich inklusive der gesetzlich vorgeschriebenen Mehrwertsteuer. Die angegebenen Preise gelten unter Vorbehalt von Material- und Preis\u00e4nderungen. Wir behalten uns Preisanpassungen ausdr\u00fccklich vor. Angebote werden nur schriftlich (per E-Mail) abgegeben. Alle Angebote sind 14 Tage ab Angebotsdatum g\u00fcltig, sofern nicht anders angegeben. Mit Abgabe Ihrer unterschriebenen Bestellung ist der Preis f\u00fcr die Dauer von 3 Monaten bindend. <\/p>\n\n<h4 class=\"wp-block-heading\">Lieferdatum<\/h4>\n\n<p style=\"font-size:16px\">Liegt der gew\u00fcnschte Liefertermin mehr als 3 Monate nach Auftragserteilung, so ist die Preisfestsetzung f\u00fcr diesen Zeitraum gesondert festzuhalten. Sofern im Angebot nicht anders angegeben, werden die Versandkosten individuell nach Lieferort berechnet. \u00c4nderungen bez\u00fcglich Abmessung, Farbe und Ausf\u00fchrung k\u00f6nnen zu einer ge\u00e4nderten Material- und Preiszusammensetzung f\u00fchren. Das Angebot ist erst mit Ihrer Unterschrift und schriftlicher Annahme der Bestellung durch Romahaus bindend.<\/p>\n\n<p style=\"font-size:16px\"><\/p>\n","protected":false},"excerpt":{"rendered":"<p>Preisinformation Preise Alle Preise in unserem Webshop verstehen sich inklusive der gesetzlich vorgeschriebenen Mehrwertsteuer. Die angegebenen Preise gelten unter Vorbehalt von Material- und Preis\u00e4nderungen. Wir behalten uns Preisanpassungen ausdr\u00fccklich vor. Angebote werden nur schriftlich (per E-Mail) abgegeben. Alle Angebote sind 14 Tage ab Angebotsdatum g\u00fcltig, sofern nicht anders angegeben. Mit Abgabe Ihrer unterschriebenen Bestellung ist [&hellip;]<\/p>\n","protected":false},"author":3,"featured_media":0,"parent":0,"menu_order":0,"comment_status":"closed","ping_status":"closed","template":"","meta":{"_acf_changed":false,"_seopress_robots_primary_cat":"","_seopress_titles_title":"","_seopress_titles_desc":"","_seopress_robots_index":"","footnotes":""},"class_list":["post-13160","page","type-page","status-publish","hentry"],"acf":[],"_links":{"self":[{"href":"https:\/\/webshop.romahaus.nl\/de\/wp-json\/wp\/v2\/pages\/13160","targetHints":{"allow":["GET"]}}],"collection":[{"href":"https:\/\/webshop.romahaus.nl\/de\/wp-json\/wp\/v2\/pages"}],"about":[{"href":"https:\/\/webshop.romahaus.nl\/de\/wp-json\/wp\/v2\/types\/page"}],"author":[{"embeddable":true,"href":"https:\/\/webshop.romahaus.nl\/de\/wp-json\/wp\/v2\/users\/3"}],"replies":[{"embeddable":true,"href":"https:\/\/webshop.romahaus.nl\/de\/wp-json\/wp\/v2\/comments?post=13160"}],"version-history":[{"count":9,"href":"https:\/\/webshop.romahaus.nl\/de\/wp-json\/wp\/v2\/pages\/13160\/revisions"}],"predecessor-version":[{"id":15149,"href":"https:\/\/webshop.romahaus.nl\/de\/wp-json\/wp\/v2\/pages\/13160\/revisions\/15149"}],"wp:attachment":[{"href":"https:\/\/webshop.romahaus.nl\/de\/wp-json\/wp\/v2\/media?parent=13160"}],"curies":[{"name":"wp","href":"https:\/\/api.w.org\/{rel}","templated":true}]}}