{"id":15150,"date":"2023-05-31T11:52:14","date_gmt":"2023-05-31T09:52:14","guid":{"rendered":"https:\/\/webshop.romahaus.nl\/produktinformation\/"},"modified":"2023-07-04T10:21:16","modified_gmt":"2023-07-04T08:21:16","slug":"produktinformation","status":"publish","type":"page","link":"https:\/\/webshop.romahaus.nl\/de\/produktinformation\/","title":{"rendered":"Produktinformation"},"content":{"rendered":"\n<h3 class=\"wp-block-heading\">Produktinformation<\/h3>\n\n\n\n<p style=\"font-size:16px\">Mit einem Produkt von Romahaus realisieren Sie ein einzigartiges und nachhaltiges Gartenprojekt, an dem Sie viele Jahre lang unbesorgt Freude haben. Dank der Zusammenstellung bewusst ausgew\u00e4hlter Baumaterialien und Kunststofft\u00fcren und -fenster mit Doppelverglasung und Mehrfachverriegelung realisieren Sie in absehbarer Zeit ein stilvolles Gartenprojekt in farbechter Ausf\u00fchrung. <\/p>\n\n\n\n<h4 class=\"wp-block-heading\"><a href=\"https:\/\/webshop.romahaus.nl\/de\/kunststoff-gartenhaus-selber-bauen\/\">Wandprofile<\/a><\/h4>\n\n\n\n<p style=\"font-size:16px\">Die Kunststoff Wandprofile mit einer St\u00e4rke von 58 mm eignen sich zum Selbstbau verschiedener Gartenprojekte. Die Verarbeitung mit feiner Holzmaserung an Au\u00dfenseite sorgt f\u00fcr eine authentische Holzoptik. Durch eine Verarbeitung mit feiner Holzstrukturfolie sind die Wandprofile farbecht und wartungsarm. <\/p>\n\n\n\n<h4 class=\"wp-block-heading\"><a href=\"https:\/\/webshop.romahaus.nl\/de\/kunststoff-gartenhaus-selber-bauen\/\">Eckschienenprofile<\/a><\/h4>\n\n\n\n<p style=\"font-size:16px\">Die Eckverbindung der W\u00e4nde besteht aus einem Aluminiumprofil. Die Aluminium-Eckprofile sind pulverbeschichtet und in verschiedenen Farben erh\u00e4ltlich. In Kombination mit den Kunststoff Wandprofilen eignen sich die Eckschienen hervorragend f\u00fcr den Selbstbau diverser Gartenprojekte. <\/p>\n\n\n\n<h4 class=\"wp-block-heading\"><a href=\"https:\/\/webshop.romahaus.nl\/de\/kunststoff-gartenhaus-selber-bauen\/\">Dachverarbeitung<\/a><\/h4>\n\n\n\n<p style=\"font-size:16px\">Ob Schr\u00e4gdach oder Satteldach \u2013dank der Eindeckung mit Sandwichpaneelen sind die D\u00e4cher isoliert und \u00e4u\u00dferst robust. Ein Satteldach wird zus\u00e4tzlich mit Dachziegeln als Dacheindeckung geliefert. Jedes Dach ist mit Dachleisten aus Stahlblech und Aluminium Dachrinnen versehen.<\/p>\n\n\n\n<h4 class=\"wp-block-heading\"><a href=\"https:\/\/webshop.romahaus.nl\/de\/kunststoff-gartenhaus-selber-bauen\/\">Kunststofft\u00fcren und -fenster<\/a><\/h4>\n\n\n\n<p style=\"font-size:16px\">Die Kunststofft\u00fcren und -fenster mit Doppelverglasung und Mehrfachverriegelung sind in verschiedenen RAL-Farben mit Klarglas, satiniertem Glas, Helima-Sprossen oder auch mit T\u00fcrf\u00fcllung erh\u00e4ltlich. Kunststofft\u00fcren und -fenster fertigen wir nach Ma\u00df. So erh\u00e4lt Ihr Gartenprojekt eine besondere Ausstrahlung.<\/p>\n\n\n\n<h4 class=\"wp-block-heading\">Ihr Gartenprojekt<\/h4>\n\n\n\n<p style=\"font-size:16px\">W\u00e4hlen Sie aus unseren Standardmodellen oder stellen Sie sich Baumaterialien f\u00fcr Selbstbau zusammen. Neugierig was Ihr Gartenprojekt kostet? Erhalten Sie \u00fcber den Warenkorb Ihr ganz pers\u00f6nliches und unverbindliches Angebot.<\/p>\n\n\n\n<p><br><br><\/p>\n\n\n\n<p style=\"font-size:16px\"><strong><br><br><\/strong><\/p>\n","protected":false},"excerpt":{"rendered":"<p>Produktinformation Mit einem Produkt von Romahaus realisieren Sie ein einzigartiges und nachhaltiges Gartenprojekt, an dem Sie viele Jahre lang unbesorgt Freude haben. Dank der Zusammenstellung bewusst ausgew\u00e4hlter Baumaterialien und Kunststofft\u00fcren und -fenster mit Doppelverglasung und Mehrfachverriegelung realisieren Sie in absehbarer Zeit ein stilvolles Gartenprojekt in farbechter Ausf\u00fchrung. Wandprofile Die Kunststoff Wandprofile mit einer St\u00e4rke von [&hellip;]<\/p>\n","protected":false},"author":3,"featured_media":0,"parent":0,"menu_order":0,"comment_status":"closed","ping_status":"closed","template":"","meta":{"_acf_changed":false,"_seopress_robots_primary_cat":"","_seopress_titles_title":"","_seopress_titles_desc":"","_seopress_robots_index":"","footnotes":""},"class_list":["post-15150","page","type-page","status-publish","hentry"],"acf":[],"_links":{"self":[{"href":"https:\/\/webshop.romahaus.nl\/de\/wp-json\/wp\/v2\/pages\/15150","targetHints":{"allow":["GET"]}}],"collection":[{"href":"https:\/\/webshop.romahaus.nl\/de\/wp-json\/wp\/v2\/pages"}],"about":[{"href":"https:\/\/webshop.romahaus.nl\/de\/wp-json\/wp\/v2\/types\/page"}],"author":[{"embeddable":true,"href":"https:\/\/webshop.romahaus.nl\/de\/wp-json\/wp\/v2\/users\/3"}],"replies":[{"embeddable":true,"href":"https:\/\/webshop.romahaus.nl\/de\/wp-json\/wp\/v2\/comments?post=15150"}],"version-history":[{"count":2,"href":"https:\/\/webshop.romahaus.nl\/de\/wp-json\/wp\/v2\/pages\/15150\/revisions"}],"predecessor-version":[{"id":15327,"href":"https:\/\/webshop.romahaus.nl\/de\/wp-json\/wp\/v2\/pages\/15150\/revisions\/15327"}],"wp:attachment":[{"href":"https:\/\/webshop.romahaus.nl\/de\/wp-json\/wp\/v2\/media?parent=15150"}],"curies":[{"name":"wp","href":"https:\/\/api.w.org\/{rel}","templated":true}]}}