{"id":10301,"date":"2022-01-13T15:03:45","date_gmt":"2022-01-13T14:03:57","guid":{"rendered":"https:\/\/webshop.romahaus.nl\/?post_type=product&#038;p=10301"},"modified":"2023-04-18T10:53:11","modified_gmt":"2023-04-18T08:53:11","slug":"verona-doppel-tur","status":"publish","type":"product","link":"https:\/\/webshop.romahaus.nl\/de\/produkt\/verona-doppel-tur\/","title":{"rendered":"Kunststoff-Gartenhaus Verona Satteldach Dachvorsprung"},"content":{"rendered":"<p><span class=\"y2iqfc\">Kunststoff-Gartenhaus Verona mit Satteldach und Dachvorsprung l\u00e4sst Sie gesch\u00fctzt den hauseigenen Garten genie\u00dfen. <\/span><span class=\"y2iqfc\">Die W\u00e4nde vom Modell Verona bestehen aus einer Holzkonstruktion mit Wandprofilen aus <span class=\"Y2IQFc\" lang=\"de\">recycelbarem Kunststoff<\/span>. Die Wandprofile sind an Au\u00dfenseite mit feiner <\/span><span class=\"y2iqfc\">Holzstrukturpr\u00e4gung in Wei\u00df oder Cremewei\u00df oder mit feiner, farbechter Holzstrukturfolie in diversen RAL-Farbt\u00f6nen erh\u00e4ltlich. Auch Holzdekore stehen zur Auswahl. Das Dach besteht aus einer Holzkonstruktion mit isolierten Sandwichplatten und Dachziegelblechplatten als Dacheindeckung und ist mit Aluminium Dachrinnen versehen. Der Dach\u00fcberstand betr\u00e4gt vorne standard 500 mm, dieser erm\u00f6glicht den Einbau von LED-Strahlern. <\/span>Kunststoff-Gartenhaus Verona wird in vorgefertigte Wandpaneele, ohne <a href=\"https:\/\/webshop.romahaus.nl\/de\/boden-fundament-2\/\">Boden und Fundament<\/a>, geliefert.<\/p>\n","protected":false},"excerpt":{"rendered":"<p><strong>Diverse Farbkombinationen<\/strong><\/p>\n<p>Kunststoff Wandprofile, 58 mm<br \/>\nEckschienen Aluminium<br \/>\nIsolierte Dachplatten + Dachziegelblechplatten<br \/>\nAluminium Dachrinnen<br \/>\nDoppelt\u00fcr 1600 x 1950 mm<br \/>\n1 x drehkipp Fenster 800 x 900 mm<\/p>\n<p><strong>Kunststofft\u00fcr\/-fenster in Breiten- und H\u00f6henma\u00df variabel,<\/strong><br \/>\n<strong>optional mit zus\u00e4tzlichen T\u00fcren\/Fenstern<\/strong><\/p>\n<p>Beispiel: 2500 x 2000<br \/>\n2500 = Breite (Giebelseite)<br \/>\n2000 = Tiefe (Dachrinnenseite)<\/p>\n","protected":false},"featured_media":7060,"template":"","meta":{"_acf_changed":false,"_seopress_robots_primary_cat":"none","_seopress_titles_title":"","_seopress_titles_desc":"","_seopress_robots_index":""},"product_brand":[],"product_cat":[172,175,168],"product_tag":[],"class_list":{"0":"post-10301","1":"product","2":"type-product","3":"status-publish","4":"has-post-thumbnail","6":"product_cat-gartenhaus-modelle","7":"product_cat-gartenhaus","8":"product_cat-modelle","10":"first","11":"instock","12":"taxable","13":"shipping-taxable","14":"purchasable","15":"product-type-variable","16":"has-default-attributes","17":"wvs-archive-product-wrapper"},"composite_layout":"","composite_add_to_cart_form_location":"","composite_editable_in_cart":false,"composite_sold_individually_context":"","composite_shop_price_calc":"","composite_components":[],"composite_scenarios":[],"acf":[],"_links":{"self":[{"href":"https:\/\/webshop.romahaus.nl\/de\/wp-json\/wp\/v2\/product\/10301","targetHints":{"allow":["GET"]}}],"collection":[{"href":"https:\/\/webshop.romahaus.nl\/de\/wp-json\/wp\/v2\/product"}],"about":[{"href":"https:\/\/webshop.romahaus.nl\/de\/wp-json\/wp\/v2\/types\/product"}],"wp:featuredmedia":[{"embeddable":true,"href":"https:\/\/webshop.romahaus.nl\/de\/wp-json\/wp\/v2\/media\/7060"}],"wp:attachment":[{"href":"https:\/\/webshop.romahaus.nl\/de\/wp-json\/wp\/v2\/media?parent=10301"}],"wp:term":[{"taxonomy":"product_brand","embeddable":true,"href":"https:\/\/webshop.romahaus.nl\/de\/wp-json\/wp\/v2\/product_brand?post=10301"},{"taxonomy":"product_cat","embeddable":true,"href":"https:\/\/webshop.romahaus.nl\/de\/wp-json\/wp\/v2\/product_cat?post=10301"},{"taxonomy":"product_tag","embeddable":true,"href":"https:\/\/webshop.romahaus.nl\/de\/wp-json\/wp\/v2\/product_tag?post=10301"}],"curies":[{"name":"wp","href":"https:\/\/api.w.org\/{rel}","templated":true}]}}