{"id":11832,"date":"2021-03-18T21:48:26","date_gmt":"2022-06-21T06:42:06","guid":{"rendered":"https:\/\/webshop.romahaus.nl\/product\/milano-doppeltuer\/"},"modified":"2023-04-25T08:32:52","modified_gmt":"2023-04-25T06:32:52","slug":"milano-2","status":"publish","type":"product","link":"https:\/\/webshop.romahaus.nl\/de\/produkt\/milano-2\/","title":{"rendered":"Kunststoff-Gartenhaus Milano Pultdach Doppelt\u00fcr"},"content":{"rendered":"<p><span style=\"font-size: 10.5pt; font-family: 'Lato',sans-serif; color: #1b1b1b;\"><span class=\"y2iqfc\"><span style=\"box-sizing: border-box;\">Kunststoff-Gartenhaus Milano mit Pultdach vereint alle W\u00fcnsche unter einem Dach. Ob als Gartenhaus f\u00fcr Gartenger\u00e4te, Stellplatz f\u00fcr Fahrr\u00e4der oder als geselliges, isoliertes Gartenhaus. Kunststoff-Gartenhaus Milano passt nahezu in jeden Garten. Die W\u00e4nde vom Modell Milano bestehen aus einer Holzkonstruktion mit Wandprofilen aus recycelbarem Kunststoff.<\/span><\/span><\/span> <span style=\"font-size: 10.5pt; font-family: 'Lato',sans-serif; color: #1b1b1b;\"><span class=\"y2iqfc\"><span style=\"box-sizing: border-box;\">Die Wandprofile sind an Au\u00dfenseite mit feiner Holzstrukturpr\u00e4gung in Wei\u00df oder Cremewei\u00df oder mit feiner, farbechter Holzstrukturfolie in diversen RAL-Farbt\u00f6nen erh\u00e4ltlich. Auch Holzdekore stehen zur Auswahl. Somit erhalten Sie ein Gartenhaus in Holzoptik mit den Vorteilen von Kunststoff. Das Dach mit leichter Dachneigung besteht aus ged\u00e4mmten Sandwichpaneelen als Dacheindeckung und ist an R\u00fcckseite mit einer Aluminium Dachrinne inklusiv Fallrohr versehen. Der Dach\u00fcberstand betr\u00e4gt vorne und seitlich 190 mm, dieser erm\u00f6glicht den Einbau von LED-Strahlern. <\/span><\/span><\/span><span style=\"font-size: 10.5pt; font-family: 'Lato',sans-serif; color: #1b1b1b;\">Das Modell Milano wird als Bausatz, in vorgefertigte Wandpaneele, ohne <a href=\"https:\/\/webshop.romahaus.nl\/de\/boden-fundament-2\/\">Boden &amp; Fundament<\/a> geliefert. <\/span><\/p>\n","protected":false},"excerpt":{"rendered":"<p style=\"text-align: left;\"><strong>Diverse Farbkombinationen<\/strong><\/p>\n<p>Kunststoff Wandprofile, 58 mm<br \/>\nEckschienen Aluminium<br \/>\nDach aus isolierten Dachplatten<br \/>\nDachrinne inklusiv Fallrohr<br \/>\nDachleisten in diversen Farben, 190 mm<br \/>\nDoppelt\u00fcr 1600 x 1950 mm<br \/>\nDoppelverglasung, optional mit satiniertem Glas<\/p>\n<p><strong>Kunststofft\u00fcr in Breiten- und H\u00f6henma\u00df variabel,<\/strong><br \/>\n<strong>optional mit zus\u00e4tzlichen Fenstern<\/strong><\/p>\n","protected":false},"featured_media":14427,"template":"","meta":{"_acf_changed":false,"_seopress_robots_primary_cat":"none","_seopress_titles_title":"Kunststoff-Gartenhaus mit Pultdach &amp; Doppelt\u00fcr-farbecht-Romahaus","_seopress_titles_desc":"Pultdach-Gartenhaus mit Doppelt\u00fcr-diverse Abmessungen &amp; Farben- pflegeleicht &amp; farbecht-Preise online-webshop.romahaus.de","_seopress_robots_index":""},"product_brand":[],"product_cat":[175,172,168],"product_tag":[625,648,697,505,506,666],"class_list":{"0":"post-11832","1":"product","2":"type-product","3":"status-publish","4":"has-post-thumbnail","6":"product_cat-gartenhaus","7":"product_cat-gartenhaus-modelle","8":"product_cat-modelle","9":"product_tag-doppeltur","10":"product_tag-flachdach","11":"product_tag-flachdach-de","12":"product_tag-gartenhaus-flachdach","13":"product_tag-gartenhaus-flachdach-modern","14":"product_tag-sandwichpaneele","16":"first","17":"instock","18":"taxable","19":"shipping-taxable","20":"purchasable","21":"product-type-variable","22":"has-default-attributes","23":"wvs-archive-product-wrapper"},"composite_layout":"","composite_add_to_cart_form_location":"","composite_editable_in_cart":false,"composite_sold_individually_context":"","composite_shop_price_calc":"","composite_components":[],"composite_scenarios":[],"acf":[],"_links":{"self":[{"href":"https:\/\/webshop.romahaus.nl\/de\/wp-json\/wp\/v2\/product\/11832","targetHints":{"allow":["GET"]}}],"collection":[{"href":"https:\/\/webshop.romahaus.nl\/de\/wp-json\/wp\/v2\/product"}],"about":[{"href":"https:\/\/webshop.romahaus.nl\/de\/wp-json\/wp\/v2\/types\/product"}],"wp:featuredmedia":[{"embeddable":true,"href":"https:\/\/webshop.romahaus.nl\/de\/wp-json\/wp\/v2\/media\/14427"}],"wp:attachment":[{"href":"https:\/\/webshop.romahaus.nl\/de\/wp-json\/wp\/v2\/media?parent=11832"}],"wp:term":[{"taxonomy":"product_brand","embeddable":true,"href":"https:\/\/webshop.romahaus.nl\/de\/wp-json\/wp\/v2\/product_brand?post=11832"},{"taxonomy":"product_cat","embeddable":true,"href":"https:\/\/webshop.romahaus.nl\/de\/wp-json\/wp\/v2\/product_cat?post=11832"},{"taxonomy":"product_tag","embeddable":true,"href":"https:\/\/webshop.romahaus.nl\/de\/wp-json\/wp\/v2\/product_tag?post=11832"}],"curies":[{"name":"wp","href":"https:\/\/api.w.org\/{rel}","templated":true}]}}