{"id":13820,"date":"2022-12-12T12:05:17","date_gmt":"2022-12-12T11:05:36","guid":{"rendered":"https:\/\/webshop.romahaus.nl\/?post_type=product&#038;p=13820"},"modified":"2023-03-21T12:25:29","modified_gmt":"2023-03-21T11:25:29","slug":"anbau-garage-flachdach","status":"publish","type":"product","link":"https:\/\/webshop.romahaus.nl\/de\/produkt\/anbau-garage-flachdach\/","title":{"rendered":"Kunststoff Anbaugarage Flachdach"},"content":{"rendered":"<p><span class=\"Y2IQFc\" lang=\"nl\">Der Bau einer Anbaugarage aus Kunststoff nimmt wenig Zeit in Anspruch. Diese wird in der Regel an nur einem Werktag fachgerecht montiert. Die W\u00e4nde bestehen aus einer Holzkonstruktion mit Wandprofilen aus <span class=\"y2iqfc\">recycelbarem Kunststoff<\/span>. Die Wandprofile sind mit feiner Holzstrukturpr\u00e4gung in Wei\u00df oder Cremewei\u00df oder mit Dekorfolie in diversen RAL-Farbt\u00f6nen erh\u00e4ltlich. Auch Holzdekore stehen zur Auswahl. Das Dach mit leichter Dachneigung besteht aus ged\u00e4mmten Sandwichpaneelen als Dacheindeckung und ist an ablaufender Seite mit einer Aluminium Dachrinne inklusiv Fallrohr versehen. Der Dach\u00fcberstand betr\u00e4gt seitlich 190 mm, dieser erm\u00f6glicht den Einbau von LED-Strahlern. Falls gew\u00fcnscht k\u00f6nnen Sie der Flachdach Anbaugarage T\u00fcren und Fenster hinzuf\u00fcgen. Das Sektionaltor ist mit Antrieb und Handsender. Fundament und Boden sind nicht inbegriffen. H\u00e4ufig wird eine Betonsohle oder ein Fundament aus Tiefbordsteinen mit Betonplatten als Fundament gew\u00e4hlt. Die Fundamentma\u00dfe leiten wir an Sie weiter. <\/span>Die Anbaugarage wird als vorgefertigter Bausatz geliefert. Die Montage k\u00f6nnen wir optional anbieten.<\/p>\n","protected":false},"excerpt":{"rendered":"<p><strong>Diverse Farbkombinationen<\/strong><\/p>\n<p>Kunststoff Wandprofile, 58 mm<br \/>\nEckschienen Aluminium<br \/>\nDach aus <span class=\"Y2IQFc\" lang=\"nl\">isolierten<\/span> Dachplatten<br \/>\nDachrinne inklusive Fallrohr<br \/>\nDachrand in diversen Farben, 190 mm<br \/>\nEinzelt\u00fcr Kunststoff 1000 x 2100 mm<br \/>\nEinzelfenster drehkipp 800 x 1050 mm<br \/>\nDoppelverglasung<br \/>\nSektionaltor 2500 x 2125 mm mit Antrieb und Handsender<\/p>\n<p><strong>Diese Anbaugarage hat auch:<\/strong><br \/>\n&#8211; 4x W\u00e4nde (optional 3x W\u00e4nde bei Anbringung an der Mauer)<\/p>\n","protected":false},"featured_media":14423,"template":"","meta":{"_acf_changed":false,"_seopress_robots_primary_cat":"none","_seopress_titles_title":"","_seopress_titles_desc":"","_seopress_robots_index":""},"product_brand":[],"product_cat":[169,171,168],"product_tag":[],"class_list":{"0":"post-13820","1":"product","2":"type-product","3":"status-publish","4":"has-post-thumbnail","6":"product_cat-anbau","7":"product_cat-garage","8":"product_cat-modelle","10":"first","11":"instock","12":"taxable","13":"shipping-taxable","14":"purchasable","15":"product-type-variable","16":"wvs-archive-product-wrapper"},"composite_layout":"","composite_add_to_cart_form_location":"","composite_editable_in_cart":false,"composite_sold_individually_context":"","composite_shop_price_calc":"","composite_components":[],"composite_scenarios":[],"acf":[],"_links":{"self":[{"href":"https:\/\/webshop.romahaus.nl\/de\/wp-json\/wp\/v2\/product\/13820","targetHints":{"allow":["GET"]}}],"collection":[{"href":"https:\/\/webshop.romahaus.nl\/de\/wp-json\/wp\/v2\/product"}],"about":[{"href":"https:\/\/webshop.romahaus.nl\/de\/wp-json\/wp\/v2\/types\/product"}],"wp:featuredmedia":[{"embeddable":true,"href":"https:\/\/webshop.romahaus.nl\/de\/wp-json\/wp\/v2\/media\/14423"}],"wp:attachment":[{"href":"https:\/\/webshop.romahaus.nl\/de\/wp-json\/wp\/v2\/media?parent=13820"}],"wp:term":[{"taxonomy":"product_brand","embeddable":true,"href":"https:\/\/webshop.romahaus.nl\/de\/wp-json\/wp\/v2\/product_brand?post=13820"},{"taxonomy":"product_cat","embeddable":true,"href":"https:\/\/webshop.romahaus.nl\/de\/wp-json\/wp\/v2\/product_cat?post=13820"},{"taxonomy":"product_tag","embeddable":true,"href":"https:\/\/webshop.romahaus.nl\/de\/wp-json\/wp\/v2\/product_tag?post=13820"}],"curies":[{"name":"wp","href":"https:\/\/api.w.org\/{rel}","templated":true}]}}