{"id":7524,"date":"2021-06-22T16:30:23","date_gmt":"2021-11-16T15:20:22","guid":{"rendered":"https:\/\/webshop.romahaus.nl\/product\/palermo\/"},"modified":"2023-03-21T12:38:32","modified_gmt":"2023-03-21T11:38:32","slug":"palermo","status":"publish","type":"product","link":"https:\/\/webshop.romahaus.nl\/de\/produkt\/palermo\/","title":{"rendered":"Kunststoff-Gartenger\u00e4tehaus Palermo Satteldach"},"content":{"rendered":"<p><span class=\"y2iqfc\">Das Kunststoff-Gartenhaus Palermo dient nicht nur als klassisches Gartenhaus, sondern kann durchaus auch als modernes Gartenger\u00e4tehaus genutzt werden. Das Modell Palermo ist vielf\u00e4ltig nutzbar. Die W\u00e4nde vom Modell Palermo bestehen aus einer Stahlkonstruktion mit Wandprofilen aus recycelbarem Kunststoff. Die Wandprofile sind mit feiner Holzstrukturpr\u00e4gung in Wei\u00df oder Cremewei\u00df oder mit Dekorfolie in diversen RAL-Farbt\u00f6nen erh\u00e4ltlich. Auch Holzdekore stehen zur Auswahl. Das Dach mit einer Dachneigung von 22,5 Grad besteht aus einer Stahlkonstruktion mit isolierten Sandwichplatten und Dachziegelblechplatten als Dacheindeckung und ist beidseitig mit einer Aluminium Dachrinne versehen. Falls gew\u00fcnscht k\u00f6nnen extra T\u00fcren und Fenster hinzugef\u00fcgt werden. <\/span>Fundament und Boden sind nicht inbegriffen. H\u00e4ufig wird eine Betonsohle oder ein Fundament aus Tiefbordsteinen mit Betonplatten als Fundament gew\u00e4hlt. Die Fundamentma\u00dfe leiten wir an Sie weiter. Das Modell Palermo wird als Fertigbausatz geliefert.<\/p>\n","protected":false},"excerpt":{"rendered":"<p><strong>Diverse Farbkombinationen<\/strong><\/p>\n<p>Kunststoff Wandprofile, 58 mm<br \/>\nEckschienen Aluminium<br \/>\nIsolierte Dachplatten<br \/>\nDachziegelblechplatten als Dacheindeckung<br \/>\nAluminium Dachrinnen<br \/>\nWindfedern in diversen Farben<br \/>\nEinzelt\u00fcr 950 x 1950 mm<br \/>\nEinzelfenster 800 x 900 mm drehkipp<br \/>\nDoppelverglasung HR++<\/p>\n<p><strong>Kunststofft\u00fcr und -fenster in Breiten- und H\u00f6henma\u00df variabel,<\/strong><br \/>\n<strong>optional mit zus\u00e4tzlichen Fenstern<\/strong><\/p>\n<p>Beispiel: 2500 x 2000<br \/>\n2500 = Breite (Giebelseite)<br \/>\n2000 = Tiefe (Dachrinnenseite)<\/p>\n","protected":false},"featured_media":7075,"template":"","meta":{"_acf_changed":false,"_seopress_robots_primary_cat":"none","_seopress_titles_title":"","_seopress_titles_desc":"","_seopress_robots_index":""},"product_brand":[],"product_cat":[172,175,168,170],"product_tag":[735,740,748,613],"class_list":{"0":"post-7524","1":"product","2":"type-product","3":"status-publish","4":"has-post-thumbnail","6":"product_cat-gartenhaus-modelle","7":"product_cat-gartenhaus","8":"product_cat-modelle","9":"product_cat-schuppen","10":"product_tag-dachziegelblechplatten","11":"product_tag-sandwichplatten","12":"product_tag-satteldach","13":"product_tag-schuppen","15":"first","16":"instock","17":"taxable","18":"shipping-taxable","19":"product-type-variable","20":"wvs-archive-product-wrapper"},"composite_layout":"","composite_add_to_cart_form_location":"","composite_editable_in_cart":false,"composite_sold_individually_context":"","composite_shop_price_calc":"","composite_components":[],"composite_scenarios":[],"acf":[],"_links":{"self":[{"href":"https:\/\/webshop.romahaus.nl\/de\/wp-json\/wp\/v2\/product\/7524","targetHints":{"allow":["GET"]}}],"collection":[{"href":"https:\/\/webshop.romahaus.nl\/de\/wp-json\/wp\/v2\/product"}],"about":[{"href":"https:\/\/webshop.romahaus.nl\/de\/wp-json\/wp\/v2\/types\/product"}],"wp:featuredmedia":[{"embeddable":true,"href":"https:\/\/webshop.romahaus.nl\/de\/wp-json\/wp\/v2\/media\/7075"}],"wp:attachment":[{"href":"https:\/\/webshop.romahaus.nl\/de\/wp-json\/wp\/v2\/media?parent=7524"}],"wp:term":[{"taxonomy":"product_brand","embeddable":true,"href":"https:\/\/webshop.romahaus.nl\/de\/wp-json\/wp\/v2\/product_brand?post=7524"},{"taxonomy":"product_cat","embeddable":true,"href":"https:\/\/webshop.romahaus.nl\/de\/wp-json\/wp\/v2\/product_cat?post=7524"},{"taxonomy":"product_tag","embeddable":true,"href":"https:\/\/webshop.romahaus.nl\/de\/wp-json\/wp\/v2\/product_tag?post=7524"}],"curies":[{"name":"wp","href":"https:\/\/api.w.org\/{rel}","templated":true}]}}