{"id":7587,"date":"2021-05-04T21:44:29","date_gmt":"2021-11-17T08:20:02","guid":{"rendered":"https:\/\/webshop.romahaus.nl\/product\/toscane\/"},"modified":"2023-03-21T12:34:22","modified_gmt":"2023-03-21T11:34:22","slug":"toscane","status":"publish","type":"product","link":"https:\/\/webshop.romahaus.nl\/de\/produkt\/toscane\/","title":{"rendered":"Kunststoff-Gartenhaus Toscane mit Vordach"},"content":{"rendered":"<p>Kunststoffgartenh\u00e4user mit Walmdach und Dachvorsprung sind der ideale R\u00fcckzugsort um die Natur und den hauseigenen Garten zu genie\u00dfen. Kunststoffgartenhaus Toscane fertigen wir entsprechend Ihren W\u00fcnschen nach Ma\u00df. <span class=\"y2iqfc\">Die W\u00e4nde vom Modell Toscane bestehen aus einer Holzkonstruktion mit Wandprofilen aus recycelbarem Kunststoff. Die Wandprofile sind mit feiner Holzstrukturpr\u00e4gung in Wei\u00df oder Cremewei\u00df oder mit Dekorfolie in diversen RAL-Farbt\u00f6nen erh\u00e4ltlich. Auch Holzdekore stehen zur Auswahl. Das Dach mit einer Dachneigung von 22,5 Grad besteht aus einer Holzkonstruktion mit Bitumenschindeln als Dacheindeckung und ist rundum mit einer einwandigen Nostalgie Dachrinne aus Kunststoff versehen. Der Dachvorsprung an Vorderseite ist mit Aluminiumst\u00fctzen sowie einer Kunststoffvert\u00e4felung versehen. So lassen sich im Handumdrehen LED-Strahler einbauen. Falls gew\u00fcnscht k\u00f6nnen extra T\u00fcren und Fenster hinzugef\u00fcgt werden. <\/span>Fundament und Boden sind nicht inbegriffen. H\u00e4ufig wird eine Betonsohle oder ein Fundament aus Tiefbordsteinen mit Betonplatten als Fundament gew\u00e4hlt. Die Fundamentma\u00dfe leiten wir an Sie weiter. Das Modell Toscane wird als Fertigbausatz geliefert.<\/p>\n","protected":false},"excerpt":{"rendered":"<p><strong>Diverse Farbkombinationen<\/strong><\/p>\n<p>Kunststoff Wandprofile, 58 mm<br \/>\nEckschienen Aluminium<br \/>\nHolz-Dachkonstruktion<br \/>\nBitumenschindeln mit Folie<br \/>\nDachrinne inklusive Fallrohr<br \/>\nDoppelt\u00fcr 1600 x 1950 mm<br \/>\nEinzelfenster 800 x 900 mm drehkipp (Frontseite)<br \/>\nDoppelverglasung mit innenliegenden Sprossen<\/p>\n<p><strong>Kunststofft\u00fcren und -fenster in Breiten- und H\u00f6henma\u00df variabel,<\/strong><br \/>\n<strong>optional mit zus\u00e4tzlichen T\u00fcren\/Fenstern<\/strong><\/p>\n","protected":false},"featured_media":7012,"template":"","meta":{"_acf_changed":false,"_seopress_robots_primary_cat":"none","_seopress_titles_title":"","_seopress_titles_desc":"","_seopress_robots_index":""},"product_brand":[],"product_cat":[172,173,168],"product_tag":[],"class_list":{"0":"post-7587","1":"product","2":"type-product","3":"status-publish","4":"has-post-thumbnail","6":"product_cat-gartenhaus-modelle","7":"product_cat-gartenhaus-mit-veranda","8":"product_cat-modelle","10":"first","11":"instock","12":"taxable","13":"shipping-taxable","14":"purchasable","15":"product-type-variable","16":"has-default-attributes","17":"wvs-archive-product-wrapper"},"composite_layout":"","composite_add_to_cart_form_location":"","composite_editable_in_cart":false,"composite_sold_individually_context":"","composite_shop_price_calc":"","composite_components":[],"composite_scenarios":[],"acf":[],"_links":{"self":[{"href":"https:\/\/webshop.romahaus.nl\/de\/wp-json\/wp\/v2\/product\/7587","targetHints":{"allow":["GET"]}}],"collection":[{"href":"https:\/\/webshop.romahaus.nl\/de\/wp-json\/wp\/v2\/product"}],"about":[{"href":"https:\/\/webshop.romahaus.nl\/de\/wp-json\/wp\/v2\/types\/product"}],"wp:featuredmedia":[{"embeddable":true,"href":"https:\/\/webshop.romahaus.nl\/de\/wp-json\/wp\/v2\/media\/7012"}],"wp:attachment":[{"href":"https:\/\/webshop.romahaus.nl\/de\/wp-json\/wp\/v2\/media?parent=7587"}],"wp:term":[{"taxonomy":"product_brand","embeddable":true,"href":"https:\/\/webshop.romahaus.nl\/de\/wp-json\/wp\/v2\/product_brand?post=7587"},{"taxonomy":"product_cat","embeddable":true,"href":"https:\/\/webshop.romahaus.nl\/de\/wp-json\/wp\/v2\/product_cat?post=7587"},{"taxonomy":"product_tag","embeddable":true,"href":"https:\/\/webshop.romahaus.nl\/de\/wp-json\/wp\/v2\/product_tag?post=7587"}],"curies":[{"name":"wp","href":"https:\/\/api.w.org\/{rel}","templated":true}]}}