{"id":7622,"date":"2021-04-04T10:48:01","date_gmt":"2021-11-17T12:35:49","guid":{"rendered":"https:\/\/webshop.romahaus.nl\/product\/garage-satteldach\/"},"modified":"2023-03-21T11:55:35","modified_gmt":"2023-03-21T10:55:35","slug":"garage-satteldach","status":"publish","type":"product","link":"https:\/\/webshop.romahaus.nl\/de\/produkt\/garage-satteldach\/","title":{"rendered":"Kunststoff-Garage Satteldach Sektionaltor"},"content":{"rendered":"<p>Die W\u00e4nde der Garage bestehen aus einer Holzkonstruktion mit Wandprofilen <span class=\"Y2IQFc\" lang=\"de\">aus recycelbarem Kunststoff<\/span>. Die Wandprofile sind mit feiner Holzstrukturpr\u00e4gung in Wei\u00df oder Cremewei\u00df oder mit Dekorfolie in diversen RAL-Farbt\u00f6nen erh\u00e4ltlich. Auch Holzdekore stehen zur Auswahl. Das Dach mit 18\u00b0 Dachneigung besteht aus ged\u00e4mmten Sandwichpaneelen und Dachziegelblechplatten als Dacheindeckung und ist mit Aluminium Dachrinnen versehen. Die Windfedern sind aus Stahlblech. Fundament und Boden sind nicht inbegriffen. H\u00e4ufig wird eine Betonsohle oder ein Fundament aus Tiefbordsteinen mit Betonplatten als Fundament gew\u00e4hlt. Die Fundamentma\u00dfe leiten wir an Sie weiter. Die Garage wird als Fertigbausatz geliefert.<\/p>\n","protected":false},"excerpt":{"rendered":"<p><strong>Diverse Farbkombinationen<\/strong><\/p>\n<p>Kunststoff Wandprofile, 58 mm<br \/>\nEckschienen Aluminium<br \/>\nIsolierte Dachplatten + Dachziegelblechplatten<br \/>\nWindfedern aus Stahlblech<br \/>\nSektionaltor 2500 x 2125 mm mit Antrieb und Handsender<br \/>\nEinzelt\u00fcr 1000 x 1950 mm<br \/>\nDoppelfenster 1500 x 1050 mm fest\/drehkipp<br \/>\nDoppelverglasung<\/p>\n<p><strong>Optional mit extra T\u00fcren \/ Fenster erweiterbar.<\/strong><\/p>\n","protected":false},"featured_media":14883,"template":"","meta":{"_acf_changed":false,"_seopress_robots_primary_cat":"none","_seopress_titles_title":"","_seopress_titles_desc":"","_seopress_robots_index":""},"product_brand":[],"product_cat":[171,168],"product_tag":[735,631,666,748,668],"class_list":{"0":"post-7622","1":"product","2":"type-product","3":"status-publish","4":"has-post-thumbnail","6":"product_cat-garage","7":"product_cat-modelle","8":"product_tag-dachziegelblechplatten","9":"product_tag-garage-de","10":"product_tag-sandwichpaneele","11":"product_tag-satteldach","12":"product_tag-sektionaltor","14":"first","15":"instock","16":"taxable","17":"shipping-taxable","18":"purchasable","19":"product-type-variable","20":"has-default-attributes","21":"wvs-archive-product-wrapper"},"composite_layout":"","composite_add_to_cart_form_location":"","composite_editable_in_cart":false,"composite_sold_individually_context":"","composite_shop_price_calc":"","composite_components":[],"composite_scenarios":[],"acf":[],"_links":{"self":[{"href":"https:\/\/webshop.romahaus.nl\/de\/wp-json\/wp\/v2\/product\/7622","targetHints":{"allow":["GET"]}}],"collection":[{"href":"https:\/\/webshop.romahaus.nl\/de\/wp-json\/wp\/v2\/product"}],"about":[{"href":"https:\/\/webshop.romahaus.nl\/de\/wp-json\/wp\/v2\/types\/product"}],"wp:featuredmedia":[{"embeddable":true,"href":"https:\/\/webshop.romahaus.nl\/de\/wp-json\/wp\/v2\/media\/14883"}],"wp:attachment":[{"href":"https:\/\/webshop.romahaus.nl\/de\/wp-json\/wp\/v2\/media?parent=7622"}],"wp:term":[{"taxonomy":"product_brand","embeddable":true,"href":"https:\/\/webshop.romahaus.nl\/de\/wp-json\/wp\/v2\/product_brand?post=7622"},{"taxonomy":"product_cat","embeddable":true,"href":"https:\/\/webshop.romahaus.nl\/de\/wp-json\/wp\/v2\/product_cat?post=7622"},{"taxonomy":"product_tag","embeddable":true,"href":"https:\/\/webshop.romahaus.nl\/de\/wp-json\/wp\/v2\/product_tag?post=7622"}],"curies":[{"name":"wp","href":"https:\/\/api.w.org\/{rel}","templated":true}]}}