{"id":8125,"date":"2021-03-02T16:36:58","date_gmt":"2021-11-17T15:21:46","guid":{"rendered":"https:\/\/webshop.romahaus.nl\/product\/valencia-hochglas-einzeltuer\/"},"modified":"2023-03-21T12:58:37","modified_gmt":"2023-03-21T11:58:37","slug":"valencia-einzeltur-hoher-lichtausschnitt","status":"publish","type":"product","link":"https:\/\/webshop.romahaus.nl\/de\/produkt\/valencia-einzeltur-hoher-lichtausschnitt\/","title":{"rendered":"Kunststoff-Gartenhaus 5 Eck Valencia Einzelt\u00fcr hoher Lichtausschnitt"},"content":{"rendered":"<p><span class=\"y2iqfc\">Ihr Garten bietet wenig Platz f\u00fcr einen Lagerraum f\u00fcr Gartenger\u00e4te und Gartenm\u00f6bel? Gartenhaus Valencia kann hier Abhilfe schaffen. Durch seine\u00a0<strong>5-Eck Form<\/strong>\u00a0eignet sich das\u00a0<strong>Kunststoff Gartenhaus Valencia<\/strong> hervorragend als Eckaufstellung in Ihrem Garten.\u00a0 Es nimmt wenig Platz ein und bietet gleichzeitig Funktionalit\u00e4t verschiedenster Zwecke unter einem Dach. Die W\u00e4nde vom F\u00fcnfeck-Gartenhaus Valencia bestehen aus einer Holzkonstruktion mit Wandprofilen aus recycelbarem Kunststoff. Die Wandprofile sind mit feiner Holzstrukturpr\u00e4gung in Wei\u00df oder Cremewei\u00df oder mit Dekorfolie in diversen RAL-Farbt\u00f6nen erh\u00e4ltlich. Auch Holzdekore stehen zur Auswahl. Das Dach mit einer Dachneigung von 22,5 Grad besteht aus einer Holzkonstruktion mit Bitumenschindeln als Dacheindeckung und ist rundum mit einer einwandigen Nostalgie Dachrinne aus Kunststoff versehen. Falls gew\u00fcnscht k\u00f6nnen extra Fenster hinzugef\u00fcgt werden. <\/span>Fundament und Boden sind nicht inbegriffen. H\u00e4ufig wird eine Betonsohle oder ein Fundament aus Tiefbordsteinen mit Betonplatten als Fundament gew\u00e4hlt. Die Fundamentma\u00dfe leiten wir an Sie weiter. Das Modell Valencia wird als Fertigbausatz geliefert.<\/p>\n","protected":false},"excerpt":{"rendered":"<p><strong>Diverse Farbkombinationen<\/strong><\/p>\n<p>Kunststoff Wandprofile, 58 mm<br \/>\nEckschienen Aluminium<br \/>\nHolz-Dachkonstruktion<br \/>\nDacheindeckung aus Bitumenschindeln<br \/>\nDachrinne inklusive Fallrohr<br \/>\nEinzelt\u00fcr 1000 x 1950 mm<br \/>\nEinzelfenster 800 x 1650 mm drehkipp (2x)<br \/>\nDoppelverglasung mit innenliegenden Sprossen<\/p>\n<p><strong>Kunststofft\u00fcren und -fenster in Breiten-und H\u00f6henma\u00df variabel,<\/strong><br \/>\n<strong>optional mit zus\u00e4tzlichen Fenstern<\/strong><\/p>\n","protected":false},"featured_media":7045,"template":"","meta":{"_acf_changed":false,"_seopress_robots_primary_cat":"none","_seopress_titles_title":"","_seopress_titles_desc":"","_seopress_robots_index":""},"product_brand":[],"product_cat":[172,175,168],"product_tag":[630,746,741,739],"class_list":{"0":"post-8125","1":"product","2":"type-product","3":"status-publish","4":"has-post-thumbnail","6":"product_cat-gartenhaus-modelle","7":"product_cat-gartenhaus","8":"product_cat-modelle","9":"product_tag-einzeltur","10":"product_tag-funfeck","11":"product_tag-schindeln","12":"product_tag-sprossen","14":"first","15":"instock","16":"taxable","17":"shipping-taxable","18":"purchasable","19":"product-type-variable","20":"has-default-attributes","21":"wvs-archive-product-wrapper"},"composite_layout":"","composite_add_to_cart_form_location":"","composite_editable_in_cart":false,"composite_sold_individually_context":"","composite_shop_price_calc":"","composite_components":[],"composite_scenarios":[],"acf":[],"_links":{"self":[{"href":"https:\/\/webshop.romahaus.nl\/de\/wp-json\/wp\/v2\/product\/8125","targetHints":{"allow":["GET"]}}],"collection":[{"href":"https:\/\/webshop.romahaus.nl\/de\/wp-json\/wp\/v2\/product"}],"about":[{"href":"https:\/\/webshop.romahaus.nl\/de\/wp-json\/wp\/v2\/types\/product"}],"wp:featuredmedia":[{"embeddable":true,"href":"https:\/\/webshop.romahaus.nl\/de\/wp-json\/wp\/v2\/media\/7045"}],"wp:attachment":[{"href":"https:\/\/webshop.romahaus.nl\/de\/wp-json\/wp\/v2\/media?parent=8125"}],"wp:term":[{"taxonomy":"product_brand","embeddable":true,"href":"https:\/\/webshop.romahaus.nl\/de\/wp-json\/wp\/v2\/product_brand?post=8125"},{"taxonomy":"product_cat","embeddable":true,"href":"https:\/\/webshop.romahaus.nl\/de\/wp-json\/wp\/v2\/product_cat?post=8125"},{"taxonomy":"product_tag","embeddable":true,"href":"https:\/\/webshop.romahaus.nl\/de\/wp-json\/wp\/v2\/product_tag?post=8125"}],"curies":[{"name":"wp","href":"https:\/\/api.w.org\/{rel}","templated":true}]}}