{"id":8176,"date":"2021-02-24T22:01:37","date_gmt":"2021-11-18T09:19:58","guid":{"rendered":"https:\/\/webshop.romahaus.nl\/product\/verona-mit-veranda\/"},"modified":"2023-04-27T11:56:43","modified_gmt":"2023-04-27T09:56:43","slug":"verona-veranda","status":"publish","type":"product","link":"https:\/\/webshop.romahaus.nl\/de\/produkt\/verona-veranda\/","title":{"rendered":"Kunststoff-Gartenhaus Verona Satteldach Veranda"},"content":{"rendered":"<p>Sie sind auf der Suche nach einem Gartenhaus mit Terrasse und bevorzugen ein Satteldach? Dann k\u00f6nnte Modell Verona mit Veranda ihren W\u00fcnschen entsprechen. F\u00fcgen Sie Ihrem Kunststoff-Gartenhaus mit Veranda im Handumdrehen eine R\u00fcckwand oder Seitenwand hinzu um gesch\u00fctzt den hauseigenen Garten zu genie\u00dfen. So stehen Ihre Gartenm\u00f6bel jederzeit einladend bereit. <span class=\"y2iqfc\">Die W\u00e4nde vom Modell Verona bestehen aus einer Holzkonstruktion mit Wandprofilen aus <span class=\"Y2IQFc\" lang=\"de\">recycelbarem Kunststoff<\/span>. Die Wandprofile sind mit feiner <\/span><span class=\"y2iqfc\">Holzstrukturpr\u00e4gung in Wei\u00df oder Cremewei\u00df oder mit Dekorfolie in diversen RAL-Farbt\u00f6nen erh\u00e4ltlich. Auch Holzdekore stehen zur Auswahl. Das Dach\u00a0 besteht aus einer Holzkonstruktion mit isolierten Sandwichplatten und Dachziegelblechplatten als Dacheindeckung und ist mit Aluminium Dachrinnen versehen. <\/span>Fundament und Boden sind nicht inbegriffen. H\u00e4ufig wird eine Betonsohle oder ein Fundament aus Tiefbordsteinen mit Betonplatten als Fundament gew\u00e4hlt. Die Fundamentma\u00dfe leiten wir an Sie weiter. Das Modell Verona wird als Fertigbausatz geliefert.<\/p>\n","protected":false},"excerpt":{"rendered":"<p><strong>Diverse Farbkombinationen<\/strong><\/p>\n<p>Kunststoff Wandprofile, 58 mm<br \/>\nEckschienen Aluminium<br \/>\nIsolierte Dachplatten<br \/>\nDachziegelblechplatten als Dacheindeckung<br \/>\nAluminium Dachrinnen<br \/>\nDoppelt\u00fcr 1600 x 1950 mm<\/p>\n<p>Das Gartenhaus hat auch:<br \/>\n&#8211; Kunststoffvert\u00e4felung unter der Veranda<br \/>\n&#8211; Geschlossene R\u00fcckwand<\/p>\n<p><strong>Die Gesamtbreite ist inkl. der Breite von 4000 mm f\u00fcr die Veranda.<\/strong><\/p>\n","protected":false},"featured_media":7116,"template":"","meta":{"_acf_changed":false,"_seopress_robots_primary_cat":"none","_seopress_titles_title":"","_seopress_titles_desc":"","_seopress_robots_index":""},"product_brand":[],"product_cat":[172,173,176],"product_tag":[743,736,748,745],"class_list":{"0":"post-8176","1":"product","2":"type-product","3":"status-publish","4":"has-post-thumbnail","6":"product_cat-gartenhaus-modelle","7":"product_cat-gartenhaus-mit-veranda","8":"product_cat-veranda-de-2","9":"product_tag-gartenhaus-mit-veranda","10":"product_tag-kunststoff-gartenhaus-mit-veranda","11":"product_tag-satteldach","12":"product_tag-veranda-gartenhaus","14":"first","15":"instock","16":"taxable","17":"shipping-taxable","18":"purchasable","19":"product-type-variable","20":"has-default-attributes","21":"wvs-archive-product-wrapper"},"composite_layout":"","composite_add_to_cart_form_location":"","composite_editable_in_cart":false,"composite_sold_individually_context":"","composite_shop_price_calc":"","composite_components":[],"composite_scenarios":[],"acf":[],"_links":{"self":[{"href":"https:\/\/webshop.romahaus.nl\/de\/wp-json\/wp\/v2\/product\/8176","targetHints":{"allow":["GET"]}}],"collection":[{"href":"https:\/\/webshop.romahaus.nl\/de\/wp-json\/wp\/v2\/product"}],"about":[{"href":"https:\/\/webshop.romahaus.nl\/de\/wp-json\/wp\/v2\/types\/product"}],"wp:featuredmedia":[{"embeddable":true,"href":"https:\/\/webshop.romahaus.nl\/de\/wp-json\/wp\/v2\/media\/7116"}],"wp:attachment":[{"href":"https:\/\/webshop.romahaus.nl\/de\/wp-json\/wp\/v2\/media?parent=8176"}],"wp:term":[{"taxonomy":"product_brand","embeddable":true,"href":"https:\/\/webshop.romahaus.nl\/de\/wp-json\/wp\/v2\/product_brand?post=8176"},{"taxonomy":"product_cat","embeddable":true,"href":"https:\/\/webshop.romahaus.nl\/de\/wp-json\/wp\/v2\/product_cat?post=8176"},{"taxonomy":"product_tag","embeddable":true,"href":"https:\/\/webshop.romahaus.nl\/de\/wp-json\/wp\/v2\/product_tag?post=8176"}],"curies":[{"name":"wp","href":"https:\/\/api.w.org\/{rel}","templated":true}]}}