{"id":8380,"date":"2021-02-14T11:17:33","date_gmt":"2021-11-18T10:06:04","guid":{"rendered":"https:\/\/webshop.romahaus.nl\/product\/valencia-doppeltuer\/"},"modified":"2023-03-13T11:40:32","modified_gmt":"2023-03-13T10:40:32","slug":"valencia-doppeltur","status":"publish","type":"product","link":"https:\/\/webshop.romahaus.nl\/de\/produkt\/valencia-doppeltur\/","title":{"rendered":"5 Eck Gartenhaus Valencia Doppelt\u00fcr"},"content":{"rendered":"<p><span class=\"y2iqfc\"><span style=\"box-sizing: border-box;\">Ab sofort hei\u00dft es genie\u00dfen, denn 5-Eck Gartenh\u00e4user von Romahaus ben\u00f6tigen durch den Einsatz hochwertiger Materialen nur wenig Pflege. Das Kunststoff Gartenhaus Valencia brauchen Sie nie wieder zu streichen. Ein Anblick der sich zu jeder Jahreszeit sehen lassen kann! Die W\u00e4nde vom F\u00fcnfeck-Gartenhaus Valencia bestehen aus einer Holzkonstruktion mit Wandprofilen aus recycelbarem Kunststoff. Die Wandprofile sind mit feiner Holzstrukturpr\u00e4gung in Wei\u00df oder Cremewei\u00df oder mit Dekorfolie in diversen RAL-Farbt\u00f6nen erh\u00e4ltlich. Auch Holzdekore stehen zur Auswahl. Das Dach mit einer Dachneigung von 22,5 Grad besteht aus einer Holzkonstruktion mit Bitumenschindeln als Dacheindeckung und ist rundum mit einer einwandigen Nostalgie Dachrinne aus Kunststoff versehen. Falls gew\u00fcnscht k\u00f6nnen extra Fenster hinzugef\u00fcgt werden. Fundament und Boden sind nicht inbegriffen. H\u00e4ufig wird eine Betonsohle oder ein Fundament aus Tiefbordsteinen mit Betonplatten als Fundament gew\u00e4hlt. Die Fundamentma\u00dfe leiten wir an Sie weiter. Das Modell Valencia wird als Fertigbausatz geliefert.<\/span><\/span><\/p>\n","protected":false},"excerpt":{"rendered":"<p>Kunststoff Wandprofile, 58 mm<br \/>\nEckschienen Aluminium<br \/>\nHolz-Dachkonstruktion<br \/>\nDacheindeckung aus Bitumenschindeln<br \/>\nDachrinne inklusive Fallrohr<br \/>\nDoppelt\u00fcr 1500 x 1950 mm<br \/>\nEinzelfenster 800 x 900 mm drehkipp (2x)<br \/>\nDoppelverglasung mit innenliegenden Sprossen<\/p>\n<p><strong>Kunststofft\u00fcren und -fenster in Breiten-und H\u00f6henma\u00df variabel,<\/strong><br \/>\n<strong>optional mit zus\u00e4tzlichen Fenstern<\/strong><\/p>\n","protected":false},"featured_media":7107,"template":"","meta":{"_acf_changed":false,"_seopress_robots_primary_cat":"none","_seopress_titles_title":"5 Eck Gartenhaus mit Doppelt\u00fcr\u2713 zum selber bauen\u2713webshop.romahaus.de","_seopress_titles_desc":"5 Eck Gartenhaus aus Kunststoff mit Doppelt\u00fcr zum selber bauen. ","_seopress_robots_index":""},"product_brand":[],"product_cat":[172,175,168],"product_tag":[746,741,739],"class_list":{"0":"post-8380","1":"product","2":"type-product","3":"status-publish","4":"has-post-thumbnail","6":"product_cat-gartenhaus-modelle","7":"product_cat-gartenhaus","8":"product_cat-modelle","9":"product_tag-funfeck","10":"product_tag-schindeln","11":"product_tag-sprossen","13":"first","14":"instock","15":"taxable","16":"shipping-taxable","17":"product-type-variable","18":"has-default-attributes","19":"wvs-archive-product-wrapper"},"composite_layout":"","composite_add_to_cart_form_location":"","composite_editable_in_cart":false,"composite_sold_individually_context":"","composite_shop_price_calc":"","composite_components":[],"composite_scenarios":[],"acf":[],"_links":{"self":[{"href":"https:\/\/webshop.romahaus.nl\/de\/wp-json\/wp\/v2\/product\/8380","targetHints":{"allow":["GET"]}}],"collection":[{"href":"https:\/\/webshop.romahaus.nl\/de\/wp-json\/wp\/v2\/product"}],"about":[{"href":"https:\/\/webshop.romahaus.nl\/de\/wp-json\/wp\/v2\/types\/product"}],"wp:featuredmedia":[{"embeddable":true,"href":"https:\/\/webshop.romahaus.nl\/de\/wp-json\/wp\/v2\/media\/7107"}],"wp:attachment":[{"href":"https:\/\/webshop.romahaus.nl\/de\/wp-json\/wp\/v2\/media?parent=8380"}],"wp:term":[{"taxonomy":"product_brand","embeddable":true,"href":"https:\/\/webshop.romahaus.nl\/de\/wp-json\/wp\/v2\/product_brand?post=8380"},{"taxonomy":"product_cat","embeddable":true,"href":"https:\/\/webshop.romahaus.nl\/de\/wp-json\/wp\/v2\/product_cat?post=8380"},{"taxonomy":"product_tag","embeddable":true,"href":"https:\/\/webshop.romahaus.nl\/de\/wp-json\/wp\/v2\/product_tag?post=8380"}],"curies":[{"name":"wp","href":"https:\/\/api.w.org\/{rel}","templated":true}]}}