{"id":8775,"date":"2020-12-26T13:14:50","date_gmt":"2021-11-18T14:40:45","guid":{"rendered":"https:\/\/webshop.romahaus.nl\/product\/anbau\/"},"modified":"2023-03-21T11:53:53","modified_gmt":"2023-03-21T10:53:53","slug":"aanbouw","status":"publish","type":"product","link":"https:\/\/webshop.romahaus.nl\/de\/produkt\/aanbouw\/","title":{"rendered":"Kunststoff-Anbau Flachdach"},"content":{"rendered":"<p>Ein Anbau bietet zus\u00e4tzliches Wohnvergn\u00fcgen und steigert dar\u00fcber hinaus den Wert Ihres Wohnhauses. Welchem Zweck soll Ihr\u00a0Kunststoff Anbau\u00a0dienen? Dem als Ausbau f\u00fcr eine gr\u00f6\u00dfere K\u00fcche, ein gr\u00f6\u00dferes Schlafzimmer oder als Erweiterung f\u00fcr einen Hauswirtschaftsraum? Vieles ist m\u00f6glich mit unserem einzigartigen Bausystem. <span class=\"y2iqfc\">Die W\u00e4nde vom Kunststoff Anbau bestehen aus einer Holzkonstruktion mit Wandprofilen aus recycelbarem Kunststoff. Die Wandprofile sind mit feiner Holzstrukturpr\u00e4gung in Wei\u00df oder Cremewei\u00df oder mit Dekorfolie in diversen RAL-Farbt\u00f6nen erh\u00e4ltlich. Auch Holzdekore stehen zur Auswahl. Das Dach mit leichter Dachneigung besteht aus ged\u00e4mmten Sandwichpaneelen als Dacheindeckung und ist mit einer Dachrinne inklusiv Fallrohr versehen. Der Dach\u00fcberstand betr\u00e4gt vorne und seitlich 190 mm, dieser erm\u00f6glicht den Einbau von LED-Strahlern. <\/span>Fundament und Boden sind nicht inbegriffen. H\u00e4ufig wird eine Betonsohle oder ein Fundament aus Tiefbordsteinen mit Betonplatten als Fundament gew\u00e4hlt. Die Fundamentma\u00dfe leiten wir an Sie weiter. Der Anbau wird als Fertigbausatz geliefert.<\/p>\n","protected":false},"excerpt":{"rendered":"<p><strong>Diverse Farbkombinationen<br \/>\n<\/strong><strong>3 W\u00e4nde, optional mit Wand an Mauerseite<br \/>\nZus\u00e4tzliche Wandisolation auf Anfrage<br \/>\n<\/strong><\/p>\n<p>Kunststoff Wandprofile, 58 mm<br \/>\nEckschienen Aluminium<br \/>\nIsolierte Dachplatten<br \/>\nDachleisten in diversen Farben,<br \/>\n\u00dcberstand 190 mm (nicht an Mauerseite!)<br \/>\nDachrinne inklusiv Fallrohr<br \/>\nDachleisten in diversen Farben,<br \/>\n\u00dcberstand 190 mm (nicht an Mauerseite!)<br \/>\nEinzelt\u00fcr 1000 x 2100 mm<br \/>\nFenster 800 x 1050 mm drehkipp<br \/>\nDoppelverglasung<\/p>\n<p><strong>Diesen Anbau k\u00f6nnen Sie mit extra Kunststofft\u00fcren und -fenster erweitern.<\/strong><\/p>\n<p>&nbsp;<\/p>\n","protected":false},"featured_media":10763,"template":"","meta":{"_acf_changed":false,"_seopress_robots_primary_cat":"none","_seopress_titles_title":"","_seopress_titles_desc":"","_seopress_robots_index":""},"product_brand":[],"product_cat":[169,168],"product_tag":[],"class_list":{"0":"post-8775","1":"product","2":"type-product","3":"status-publish","4":"has-post-thumbnail","6":"product_cat-anbau","7":"product_cat-modelle","9":"first","10":"instock","11":"taxable","12":"shipping-taxable","13":"product-type-variable","14":"wvs-archive-product-wrapper"},"composite_layout":"","composite_add_to_cart_form_location":"","composite_editable_in_cart":false,"composite_sold_individually_context":"","composite_shop_price_calc":"","composite_components":[],"composite_scenarios":[],"acf":[],"_links":{"self":[{"href":"https:\/\/webshop.romahaus.nl\/de\/wp-json\/wp\/v2\/product\/8775","targetHints":{"allow":["GET"]}}],"collection":[{"href":"https:\/\/webshop.romahaus.nl\/de\/wp-json\/wp\/v2\/product"}],"about":[{"href":"https:\/\/webshop.romahaus.nl\/de\/wp-json\/wp\/v2\/types\/product"}],"wp:featuredmedia":[{"embeddable":true,"href":"https:\/\/webshop.romahaus.nl\/de\/wp-json\/wp\/v2\/media\/10763"}],"wp:attachment":[{"href":"https:\/\/webshop.romahaus.nl\/de\/wp-json\/wp\/v2\/media?parent=8775"}],"wp:term":[{"taxonomy":"product_brand","embeddable":true,"href":"https:\/\/webshop.romahaus.nl\/de\/wp-json\/wp\/v2\/product_brand?post=8775"},{"taxonomy":"product_cat","embeddable":true,"href":"https:\/\/webshop.romahaus.nl\/de\/wp-json\/wp\/v2\/product_cat?post=8775"},{"taxonomy":"product_tag","embeddable":true,"href":"https:\/\/webshop.romahaus.nl\/de\/wp-json\/wp\/v2\/product_tag?post=8775"}],"curies":[{"name":"wp","href":"https:\/\/api.w.org\/{rel}","templated":true}]}}