{"id":9474,"date":"2020-11-16T14:09:42","date_gmt":"2023-02-20T11:39:10","guid":{"rendered":"https:\/\/webshop.romahaus.nl\/?post_type=product&#038;p=9474"},"modified":"2023-02-23T08:48:38","modified_gmt":"2023-02-23T07:48:38","slug":"eckschiene-135-grad","status":"publish","type":"product","link":"https:\/\/webshop.romahaus.nl\/de\/produkt\/eckschiene-135-grad\/","title":{"rendered":"Eckverbindung Eckschienenprofil 135 Grad"},"content":{"rendered":"<div id=\"tw-target-text-container\" class=\"tw-ta-container F0azHf tw-nfl\" tabindex=\"0\">\n<p dir=\"ltr\" data-placeholder=\"\u00dcbersetzung\">Eckschiene 135 Grad, in Kombination mit unseren Kunststoff Wandprofilen geeignet als Eckverbindung f\u00fcr den Selbstbau <span class=\"Y2IQFc\" lang=\"de\">von einem 5 Eck Gartenhaus oder von einem Gartenhaus mit schr\u00e4ger Wand \/ schr\u00e4g platzierter T\u00fcr. Erh\u00e4ltlich in den Standardfarben Cremewei\u00df RAL9001 und Anthrazit RAL7016. Das Winkelprofil 135 Grad in den verf\u00fcgbaren Farben ist mit jeder Wandfarbe kombinierbar.<\/span><\/p>\n<p id=\"tw-target-text\" class=\"tw-data-text tw-text-large tw-ta\" dir=\"ltr\" data-placeholder=\"\u00dcbersetzung\"><span class=\"Y2IQFc\" lang=\"de\">\u00a0<\/span><\/p>\n<\/div>\n<div id=\"tw-target-rmn-container\" class=\"tw-target-rmn tw-ta-container F0azHf tw-nfl\">\n<pre id=\"tw-target-rmn\" class=\"tw-data-placeholder tw-text-small tw-ta\" dir=\"ltr\" data-placeholder=\"\"><\/pre>\n<\/div>\n","protected":false},"excerpt":{"rendered":"<p>Eckschiene 135 Grad<\/p>\n<p><strong>Selbstbau<\/strong><b><br \/>\n<\/b>5 Eck Gartenhaus<b><br \/>\n<\/b>Gartenhaus mit schr\u00e4ger Wand<\/p>\n","protected":false},"featured_media":6917,"template":"","meta":{"_acf_changed":false,"_seopress_robots_primary_cat":"none","_seopress_titles_title":"","_seopress_titles_desc":"","_seopress_robots_index":""},"product_brand":[],"product_cat":[179],"product_tag":[],"class_list":{"0":"post-9474","1":"product","2":"type-product","3":"status-publish","4":"has-post-thumbnail","6":"product_cat-eckschienen","8":"first","9":"instock","10":"taxable","11":"shipping-taxable","12":"purchasable","13":"product-type-variable","14":"has-default-attributes","15":"wvs-archive-product-wrapper"},"composite_layout":"","composite_add_to_cart_form_location":"","composite_editable_in_cart":false,"composite_sold_individually_context":"","composite_shop_price_calc":"","composite_components":[],"composite_scenarios":[],"acf":[],"_links":{"self":[{"href":"https:\/\/webshop.romahaus.nl\/de\/wp-json\/wp\/v2\/product\/9474","targetHints":{"allow":["GET"]}}],"collection":[{"href":"https:\/\/webshop.romahaus.nl\/de\/wp-json\/wp\/v2\/product"}],"about":[{"href":"https:\/\/webshop.romahaus.nl\/de\/wp-json\/wp\/v2\/types\/product"}],"wp:featuredmedia":[{"embeddable":true,"href":"https:\/\/webshop.romahaus.nl\/de\/wp-json\/wp\/v2\/media\/6917"}],"wp:attachment":[{"href":"https:\/\/webshop.romahaus.nl\/de\/wp-json\/wp\/v2\/media?parent=9474"}],"wp:term":[{"taxonomy":"product_brand","embeddable":true,"href":"https:\/\/webshop.romahaus.nl\/de\/wp-json\/wp\/v2\/product_brand?post=9474"},{"taxonomy":"product_cat","embeddable":true,"href":"https:\/\/webshop.romahaus.nl\/de\/wp-json\/wp\/v2\/product_cat?post=9474"},{"taxonomy":"product_tag","embeddable":true,"href":"https:\/\/webshop.romahaus.nl\/de\/wp-json\/wp\/v2\/product_tag?post=9474"}],"curies":[{"name":"wp","href":"https:\/\/api.w.org\/{rel}","templated":true}]}}