{"id":9503,"date":"2020-11-16T12:23:51","date_gmt":"2023-02-20T11:32:55","guid":{"rendered":"https:\/\/webshop.romahaus.nl\/?post_type=product&#038;p=9503"},"modified":"2023-05-16T09:52:40","modified_gmt":"2023-05-16T07:52:40","slug":"eckschiene-90-grad","status":"publish","type":"product","link":"https:\/\/webshop.romahaus.nl\/de\/produkt\/eckschiene-90-grad\/","title":{"rendered":"Eckverbindung Eckschienenprofil 90 Grad"},"content":{"rendered":"<p>Eckschiene 90 Grad, in Kombination mit unseren Kunststoff Wandprofilen geeignet als Eckverbindung f\u00fcr den Selbstbau von einem Kunststoff Gartenhaus, Ger\u00e4teschuppen, Anbau, Gartenb\u00fcro, Selbstbau einer Sichtschutzwand oder Seitenwand f\u00fcr ein Carport oder einer Garage aus Kunststoff. Erh\u00e4ltlich in den Standardfarben Wei\u00df RAL9016, Cremewei\u00df RAL9001, Dunkelgr\u00fcn RAL6009, Dunkelblau RAL5011 und Anthrazit RAL7016. Das Eckprofil 90 Grad in Wei\u00df, Cremewei\u00df und Anthrazit l\u00e4sst sich mit jeder Wandfarbe kombinieren. Eckprofil 90 Grad in der Farbe Dunkelgr\u00fcn und Dunkelblau l\u00e4sst sich am besten mit den Basis Wandfarben kombinieren.<\/p>\n","protected":false},"excerpt":{"rendered":"<p>Eckschiene 90 Grad<\/p>\n<p><strong>Selbstbau<\/strong><b><br \/>\n<\/b>Kunststoff Gartenhaus<b><br \/>\n<\/b>Kunststoff Ger\u00e4teschuppen<br \/>\nKunststoff Garage<br \/>\nKunststoff Anbau<br \/>\nKunststoff Gartenb\u00fcro<b><br \/>\n<\/b>Kunststoff Arbeitszimmer<b><br \/>\n<\/b>Kunststoff Sichtschutzwand<br \/>\nKunststoff Seitenwand f\u00fcr Carport<\/p>\n","protected":false},"featured_media":6919,"template":"","meta":{"_acf_changed":false,"_seopress_robots_primary_cat":"none","_seopress_titles_title":"","_seopress_titles_desc":"","_seopress_robots_index":""},"product_brand":[],"product_cat":[179],"product_tag":[615,616,618,620,621],"class_list":{"0":"post-9503","1":"product","2":"type-product","3":"status-publish","4":"has-post-thumbnail","6":"product_cat-eckschienen","7":"product_tag-ral5011-de","8":"product_tag-ral6009-de","9":"product_tag-ral7016-de","10":"product_tag-ral9001-de","11":"product_tag-ral9016-de","13":"first","14":"instock","15":"taxable","16":"shipping-taxable","17":"purchasable","18":"product-type-variable","19":"has-default-attributes","20":"wvs-archive-product-wrapper"},"composite_layout":"","composite_add_to_cart_form_location":"","composite_editable_in_cart":false,"composite_sold_individually_context":"","composite_shop_price_calc":"","composite_components":[],"composite_scenarios":[],"acf":[],"_links":{"self":[{"href":"https:\/\/webshop.romahaus.nl\/de\/wp-json\/wp\/v2\/product\/9503","targetHints":{"allow":["GET"]}}],"collection":[{"href":"https:\/\/webshop.romahaus.nl\/de\/wp-json\/wp\/v2\/product"}],"about":[{"href":"https:\/\/webshop.romahaus.nl\/de\/wp-json\/wp\/v2\/types\/product"}],"wp:featuredmedia":[{"embeddable":true,"href":"https:\/\/webshop.romahaus.nl\/de\/wp-json\/wp\/v2\/media\/6919"}],"wp:attachment":[{"href":"https:\/\/webshop.romahaus.nl\/de\/wp-json\/wp\/v2\/media?parent=9503"}],"wp:term":[{"taxonomy":"product_brand","embeddable":true,"href":"https:\/\/webshop.romahaus.nl\/de\/wp-json\/wp\/v2\/product_brand?post=9503"},{"taxonomy":"product_cat","embeddable":true,"href":"https:\/\/webshop.romahaus.nl\/de\/wp-json\/wp\/v2\/product_cat?post=9503"},{"taxonomy":"product_tag","embeddable":true,"href":"https:\/\/webshop.romahaus.nl\/de\/wp-json\/wp\/v2\/product_tag?post=9503"}],"curies":[{"name":"wp","href":"https:\/\/api.w.org\/{rel}","templated":true}]}}