{"id":9539,"date":"2020-08-21T13:04:32","date_gmt":"2023-02-20T10:05:46","guid":{"rendered":"https:\/\/webshop.romahaus.nl\/?post_type=product&#038;p=9539"},"modified":"2023-03-05T18:24:49","modified_gmt":"2023-03-05T17:24:49","slug":"kunststoffpaneele-58-mm-modern-premiumfarben-ral-farben-selbstbau-gartenhaus-romahaus","status":"publish","type":"product","link":"https:\/\/webshop.romahaus.nl\/de\/produkt\/kunststoffpaneele-58-mm-modern-premiumfarben-ral-farben-selbstbau-gartenhaus-romahaus\/","title":{"rendered":"Kunststoffpaneele Profilbretter 58 mm Premiumfarben"},"content":{"rendered":"<p>Kunststoffpaneele \/ Profilbretter. Hohlkammerprofil 58 mm aus <span class=\"y2iqfc\">recycelbarem Kunststoff<\/span>. Mit Nut und Feder Prinzip zum Selbstbau von einem Kunststoff Gartenhaus, Schuppen, Gartenb\u00fcro, Arbeitszimmer, Anbau oder einer Garage, Sichtschutzwand aus Kunststoff. Die Innenseite ist glatt, die Au\u00dfenseite (Sichtseite) ist mit einer UV-best\u00e4ndigen Dekorfolie in verschiedenen RAL-Farbt\u00f6nen versehen. Verf\u00fcgbare Farben Anthrazit RAL7016, Quarzgrau RAL7039, Silbergrau RAL7001, Dunkelgr\u00fcn RAL6009, Dunkelblau RAL5011, Dunkelrot RAL3005, Schwarz, Holzdekor Anteak. Die Kunststoff Profilbretter lassen sich standard mit den Alu-Eckprofilen 90 Grad kombinieren. F\u00fcr den Selbstbau von einem Eckgartenhaus oder von einem Gartenhaus mit schr\u00e4ger Wand \/ schr\u00e4g platzierter T\u00fcr ben\u00f6tigen Sie zus\u00e4tzlich zum Eckprofil 90 Grad das Alu-Eckprofil 135 Grad. Fordern Sie ein unverbindliches Angebot an.<\/p>\n<p>&nbsp;<\/p>\n","protected":false},"excerpt":{"rendered":"<p class=\"tw-data-text\"><strong>Wandprofile aus Kunststoff 58 mm<br \/>\nDiverse RAL-Farben<\/strong><br \/>\n<span class=\"y2iqfc\">Geeignet zum Selbstbau verschiedener Gartenprojekte <\/span><\/p>\n<p data-placeholder=\"\u00dcbersetzung\"><strong>Selbstbau<\/strong><b><br \/>\n<\/b>Kunststoff Gartenhaus<b><br \/>\n<\/b>Kunststoff Ger\u00e4teschuppen<br \/>\nKunststoff Garage<br \/>\nKunststoff Anbau<br \/>\nKunststoff Gartenb\u00fcro<b><br \/>\n<\/b>Kunststoff Arbeitszimmer<b><br \/>\n<\/b>Kunststoff Sichtschutzwand<br \/>\nKunststoff Seitenwand f\u00fcr Carport<\/p>\n","protected":false},"featured_media":6940,"template":"","meta":{"_acf_changed":false,"_seopress_robots_primary_cat":"none","_seopress_titles_title":"Kunststoffpaneele Profilbretter 58 mm f\u00fcr Selbstbau in diversen RAL-Farbt\u00f6nen","_seopress_titles_desc":"Kunststoffpaneele \/ Profilbretter 58 mm in diversen Ral-Farbt\u00f6nen zum Selbstbau von einem Kunststoff Gartenhaus. UV-best\u00e4ndig. ","_seopress_robots_index":""},"product_brand":[],"product_cat":[178,181],"product_tag":[622,664,614,615,616,617,618,619,702,699,649],"class_list":{"0":"post-9539","1":"product","2":"type-product","3":"status-publish","4":"has-post-thumbnail","6":"product_cat-wandprofile-de","7":"product_cat-wand-de","8":"product_tag-anteak-de","9":"product_tag-premiumfarben","10":"product_tag-ral-3005","11":"product_tag-ral5011-de","12":"product_tag-ral6009-de","13":"product_tag-ral7001-de","14":"product_tag-ral7016-de","15":"product_tag-ral7039-de","16":"product_tag-schwarz","17":"product_tag-selbstbau","18":"product_tag-stulpschalung","20":"first","21":"instock","22":"taxable","23":"shipping-taxable","24":"purchasable","25":"product-type-variable","26":"has-default-attributes","27":"wvs-archive-product-wrapper"},"composite_layout":"","composite_add_to_cart_form_location":"","composite_editable_in_cart":false,"composite_sold_individually_context":"","composite_shop_price_calc":"","composite_components":[],"composite_scenarios":[],"acf":[],"_links":{"self":[{"href":"https:\/\/webshop.romahaus.nl\/de\/wp-json\/wp\/v2\/product\/9539","targetHints":{"allow":["GET"]}}],"collection":[{"href":"https:\/\/webshop.romahaus.nl\/de\/wp-json\/wp\/v2\/product"}],"about":[{"href":"https:\/\/webshop.romahaus.nl\/de\/wp-json\/wp\/v2\/types\/product"}],"wp:featuredmedia":[{"embeddable":true,"href":"https:\/\/webshop.romahaus.nl\/de\/wp-json\/wp\/v2\/media\/6940"}],"wp:attachment":[{"href":"https:\/\/webshop.romahaus.nl\/de\/wp-json\/wp\/v2\/media?parent=9539"}],"wp:term":[{"taxonomy":"product_brand","embeddable":true,"href":"https:\/\/webshop.romahaus.nl\/de\/wp-json\/wp\/v2\/product_brand?post=9539"},{"taxonomy":"product_cat","embeddable":true,"href":"https:\/\/webshop.romahaus.nl\/de\/wp-json\/wp\/v2\/product_cat?post=9539"},{"taxonomy":"product_tag","embeddable":true,"href":"https:\/\/webshop.romahaus.nl\/de\/wp-json\/wp\/v2\/product_tag?post=9539"}],"curies":[{"name":"wp","href":"https:\/\/api.w.org\/{rel}","templated":true}]}}