{"id":9567,"date":"2020-08-21T13:01:56","date_gmt":"2023-02-20T08:01:03","guid":{"rendered":"https:\/\/webshop.romahaus.nl\/?post_type=product&#038;p=9567"},"modified":"2023-03-05T18:23:29","modified_gmt":"2023-03-05T17:23:29","slug":"kunststoffpaneele-58-mm-modern-basisfarben-ral9016-ral9001-selbstbau-gartenhaus-romahaus","status":"publish","type":"product","link":"https:\/\/webshop.romahaus.nl\/de\/produkt\/kunststoffpaneele-58-mm-modern-basisfarben-ral9016-ral9001-selbstbau-gartenhaus-romahaus\/","title":{"rendered":"Kunststoffpaneele Profilbretter 58 mm Basisfarben"},"content":{"rendered":"<div id=\"tw-target-text-container\" class=\"tw-ta-container F0azHf tw-nfl\" tabindex=\"0\">\n<p>Kunststoffpaneele \/ Profilbretter. Hohlkammerprofil 58 mm aus <span class=\"y2iqfc\">recycelbarem Kunststoff<\/span>. Mit Nut und Feder Prinzip zum Selbstbau von einem Kunststoff Gartenhaus, Schuppen, Gartenb\u00fcro, Arbeitszimmer, Anbau oder einer Garage, Sichtschutzwand aus Kunststoff. <span class=\"Y2IQFc\" lang=\"de\">Die Innenseite ist glatt, die Au\u00dfenseite (Sichtseite) hat eine feine Holzmaserung. Verf\u00fcgbare Farben Verkehrswei\u00df RAL9016 und Cremewei\u00df RAL9001. <\/span>Die Kunststoff Profilbretter lassen sich standard mit den Alu-Eckprofilen 90 Grad kombinieren. F\u00fcr den Selbstbau von einem Eckgartenhaus oder von einem Gartenhaus mit schr\u00e4ger Wand \/ schr\u00e4g platzierter T\u00fcr ben\u00f6tigen Sie zus\u00e4tzlich zum Eckprofil 90 Grad das Alu-Eckprofil 135 Grad. Fordern Sie ein unverbindliches Angebot an.<\/p>\n<p id=\"tw-target-text\" class=\"tw-data-text tw-text-large tw-ta\" dir=\"ltr\" data-placeholder=\"\u00dcbersetzung\">\n<\/div>\n<div id=\"tw-target-rmn-container\" class=\"tw-target-rmn tw-ta-container F0azHf tw-nfl\">\n<pre id=\"tw-target-rmn\" class=\"tw-data-placeholder tw-text-small tw-ta\" dir=\"ltr\" data-placeholder=\"\"><\/pre>\n<\/div>\n","protected":false},"excerpt":{"rendered":"<p class=\"tw-data-text\"><strong>Wandprofile aus Kunststoff 58 mm <\/strong><br \/>\n<span class=\"y2iqfc\">Geeignet zum Selbstbau verschiedener Gartenprojekte <\/span><\/p>\n<p data-placeholder=\"\u00dcbersetzung\"><strong>Selbstbau<\/strong><b><br \/>\n<\/b>Kunststoff Gartenhaus<b><br \/>\n<\/b>Kunststoff Ger\u00e4teschuppen<br \/>\nKunststoff Garage<br \/>\nKunststoff Anbau<br \/>\nKunststoff Gartenb\u00fcro<b><br \/>\n<\/b>Kunststoff Arbeitszimmer<b><br \/>\n<\/b>Kunststoff Sichtschutzwand<br \/>\nKunststoff Seitenwand f\u00fcr Carport<\/p>\n","protected":false},"featured_media":6923,"template":"","meta":{"_acf_changed":false,"_seopress_robots_primary_cat":"none","_seopress_titles_title":"Kunststoffpaneele Profilbretter 58 mm Selbstbau Kunststoff Gartenhaus-Romahaus Webshop","_seopress_titles_desc":"","_seopress_robots_index":""},"product_brand":[],"product_cat":[178,181],"product_tag":[699,649],"class_list":{"0":"post-9567","1":"product","2":"type-product","3":"status-publish","4":"has-post-thumbnail","6":"product_cat-wandprofile-de","7":"product_cat-wand-de","8":"product_tag-selbstbau","9":"product_tag-stulpschalung","11":"first","12":"instock","13":"taxable","14":"shipping-taxable","15":"purchasable","16":"product-type-variable","17":"has-default-attributes","18":"wvs-archive-product-wrapper"},"composite_layout":"","composite_add_to_cart_form_location":"","composite_editable_in_cart":false,"composite_sold_individually_context":"","composite_shop_price_calc":"","composite_components":[],"composite_scenarios":[],"acf":[],"_links":{"self":[{"href":"https:\/\/webshop.romahaus.nl\/de\/wp-json\/wp\/v2\/product\/9567","targetHints":{"allow":["GET"]}}],"collection":[{"href":"https:\/\/webshop.romahaus.nl\/de\/wp-json\/wp\/v2\/product"}],"about":[{"href":"https:\/\/webshop.romahaus.nl\/de\/wp-json\/wp\/v2\/types\/product"}],"wp:featuredmedia":[{"embeddable":true,"href":"https:\/\/webshop.romahaus.nl\/de\/wp-json\/wp\/v2\/media\/6923"}],"wp:attachment":[{"href":"https:\/\/webshop.romahaus.nl\/de\/wp-json\/wp\/v2\/media?parent=9567"}],"wp:term":[{"taxonomy":"product_brand","embeddable":true,"href":"https:\/\/webshop.romahaus.nl\/de\/wp-json\/wp\/v2\/product_brand?post=9567"},{"taxonomy":"product_cat","embeddable":true,"href":"https:\/\/webshop.romahaus.nl\/de\/wp-json\/wp\/v2\/product_cat?post=9567"},{"taxonomy":"product_tag","embeddable":true,"href":"https:\/\/webshop.romahaus.nl\/de\/wp-json\/wp\/v2\/product_tag?post=9567"}],"curies":[{"name":"wp","href":"https:\/\/api.w.org\/{rel}","templated":true}]}}