{"id":9574,"date":"2020-08-21T12:00:46","date_gmt":"2023-02-21T08:37:19","guid":{"rendered":"https:\/\/webshop.romahaus.nl\/?post_type=product&#038;p=9574"},"modified":"2023-02-21T12:08:54","modified_gmt":"2023-02-21T11:08:54","slug":"kunststoffpaneele-58-mm-modern-holzdekore-selbstbau-gartenhaus-romahaus","status":"publish","type":"product","link":"https:\/\/webshop.romahaus.nl\/de\/produkt\/kunststoffpaneele-58-mm-modern-holzdekore-selbstbau-gartenhaus-romahaus\/","title":{"rendered":"Kunststoffpaneele Profilbretter 58 mm Holzfarben"},"content":{"rendered":"<p>Kunststoffpaneele \/ Profilbretter in Echtholzoptik und den Vorteilen von Kunststoff. Hohlkammerprofil 58 mm Hart-PVC. Mit Nut und Feder Prinzip zum Selbstbau von einem Kunststoff Gartenhaus, Schuppen, Anbau oder einer Garage, Sichtschutzwand aus Kunststoff. Die Innenseite ist glatt, die Au\u00dfenseite (Sichtseite) ist mit einer uv-best\u00e4ndigen Dekorfolie in verschiedenen Holzdekoren versehen. Zu den Holzdekoren z\u00e4hlen Eiche Alpin, Eiche Beton, Eiche Malt. Die Kunststoff Profilbretter lassen sich standard mit den Alu-Eckprofilen 90 Grad kombinieren. F\u00fcr den Selbstbau von einem Eckgartenhaus oder von einem Gartenhaus mit schr\u00e4ger Wand \/ schr\u00e4g platzierter T\u00fcr ben\u00f6tigen Sie zus\u00e4tzlich zum Eckprofil 90 Grad das Alu-Eckprofil 135 Grad. Fordern Sie ein unverbindliches Angebot an.<\/p>\n<p class=\"tw-data-text tw-text-large tw-ta\" dir=\"ltr\" data-placeholder=\"\u00dcbersetzung\"><span class=\"Y2IQFc\" lang=\"de\">\u00a0<\/span><\/p>\n","protected":false},"excerpt":{"rendered":"<p class=\"tw-data-text\"><strong>Wandprofile aus Kunststoff 58 mm<br \/>\nNaturfarben<\/strong><br \/>\n<span class=\"y2iqfc\">Geeignet zum Selbstbau verschiedener Gartenprojekte <\/span><\/p>\n<p data-placeholder=\"\u00dcbersetzung\"><strong>Selbstbau<\/strong><b><br \/>\n<\/b>Kunststoff Gartenhaus<b><br \/>\n<\/b>Kunststoff Ger\u00e4teschuppen<br \/>\nKunststoff Garage<br \/>\nKunststoff Anbau<br \/>\nKunststoff Gartenb\u00fcro<b><br \/>\n<\/b>Kunststoff Arbeitszimmer<b><br \/>\n<\/b>Kunststoff Sichtschutzwand<br \/>\nKunststoff Seitenwand f\u00fcr Carport<\/p>\n","protected":false},"featured_media":6897,"template":"","meta":{"_acf_changed":false,"_seopress_robots_primary_cat":"none","_seopress_titles_title":"","_seopress_titles_desc":"Kunststoffpaneele \/ Profilbretter mit Nut-Feder-Prinzip in Holzdekoren online kaufen. St\u00fclpschalung 58 mm f\u00fcr Selbstbau von einem Kunststoff Gartenhaus.","_seopress_robots_index":""},"product_brand":[],"product_cat":[178,181],"product_tag":[627,628,629,635,747,699,649],"class_list":{"0":"post-9574","1":"product","2":"type-product","3":"status-publish","4":"has-post-thumbnail","6":"product_cat-wandprofile-de","7":"product_cat-wand-de","8":"product_tag-eiche-alpin","9":"product_tag-eiche-konkret","10":"product_tag-eiche-malz","11":"product_tag-holzdekore","12":"product_tag-holzdekore-de","13":"product_tag-selbstbau","14":"product_tag-stulpschalung","16":"first","17":"instock","18":"taxable","19":"shipping-taxable","20":"purchasable","21":"product-type-variable","22":"has-default-attributes","23":"wvs-archive-product-wrapper"},"composite_layout":"","composite_add_to_cart_form_location":"","composite_editable_in_cart":false,"composite_sold_individually_context":"","composite_shop_price_calc":"","composite_components":[],"composite_scenarios":[],"acf":[],"_links":{"self":[{"href":"https:\/\/webshop.romahaus.nl\/de\/wp-json\/wp\/v2\/product\/9574","targetHints":{"allow":["GET"]}}],"collection":[{"href":"https:\/\/webshop.romahaus.nl\/de\/wp-json\/wp\/v2\/product"}],"about":[{"href":"https:\/\/webshop.romahaus.nl\/de\/wp-json\/wp\/v2\/types\/product"}],"wp:featuredmedia":[{"embeddable":true,"href":"https:\/\/webshop.romahaus.nl\/de\/wp-json\/wp\/v2\/media\/6897"}],"wp:attachment":[{"href":"https:\/\/webshop.romahaus.nl\/de\/wp-json\/wp\/v2\/media?parent=9574"}],"wp:term":[{"taxonomy":"product_brand","embeddable":true,"href":"https:\/\/webshop.romahaus.nl\/de\/wp-json\/wp\/v2\/product_brand?post=9574"},{"taxonomy":"product_cat","embeddable":true,"href":"https:\/\/webshop.romahaus.nl\/de\/wp-json\/wp\/v2\/product_cat?post=9574"},{"taxonomy":"product_tag","embeddable":true,"href":"https:\/\/webshop.romahaus.nl\/de\/wp-json\/wp\/v2\/product_tag?post=9574"}],"curies":[{"name":"wp","href":"https:\/\/api.w.org\/{rel}","templated":true}]}}